{"id":3,"date":"2023-03-07T19:26:57","date_gmt":"2023-03-07T19:26:57","guid":{"rendered":"https:\/\/regenerativo.org\/?page_id=3"},"modified":"2023-07-05T07:08:08","modified_gmt":"2023-07-05T13:08:08","slug":"politica-de-privacidad","status":"publish","type":"page","link":"https:\/\/regenerativo.org\/en\/politica-de-privacidad\/","title":{"rendered":"Privacy Policy"},"content":{"rendered":"<div data-elementor-type=\"wp-page\" data-elementor-id=\"3\" class=\"elementor elementor-3\" data-elementor-post-type=\"page\">\n\t\t\t\t\t\t<section class=\"elementor-section elementor-top-section elementor-element elementor-element-34790e44 elementor-section-boxed elementor-section-height-default elementor-section-height-default\" data-id=\"34790e44\" data-element_type=\"section\">\n\t\t\t\t\t\t<div class=\"elementor-container elementor-column-gap-default\">\n\t\t\t\t\t<div class=\"elementor-column elementor-col-100 elementor-top-column elementor-element elementor-element-1f280f0\" data-id=\"1f280f0\" data-element_type=\"column\">\n\t\t\t<div class=\"elementor-widget-wrap elementor-element-populated\">\n\t\t\t\t\t\t<div class=\"elementor-element elementor-element-5c31ceb elementor-widget elementor-widget-heading\" data-id=\"5c31ceb\" data-element_type=\"widget\" data-widget_type=\"heading.default\">\n\t\t\t\t<div class=\"elementor-widget-container\">\n\t\t\t\t\t<h1 class=\"elementor-heading-title elementor-size-default\">Privacy Policy<\/h1>\t\t\t\t<\/div>\n\t\t\t\t<\/div>\n\t\t\t\t<div class=\"elementor-element elementor-element-adc6cfe elementor-widget elementor-widget-spacer\" data-id=\"adc6cfe\" data-element_type=\"widget\" data-widget_type=\"spacer.default\">\n\t\t\t\t<div class=\"elementor-widget-container\">\n\t\t\t\t\t\t\t<div class=\"elementor-spacer\">\n\t\t\t<div class=\"elementor-spacer-inner\"><\/div>\n\t\t<\/div>\n\t\t\t\t\t\t<\/div>\n\t\t\t\t<\/div>\n\t\t\t\t<div class=\"elementor-element elementor-element-536280f7 elementor-widget elementor-widget-text-editor\" data-id=\"536280f7\" data-element_type=\"widget\" data-widget_type=\"text-editor.default\">\n\t\t\t\t<div class=\"elementor-widget-container\">\n\t\t\t\t\t\t\t\t\t\n<p>The website <a href=\"https:\/\/regenerativo.org\/en\/\" target=\"_blank\" rel=\"noopener\">https:\/\/regenerativo.org<\/a> is committed to protecting the information it collects about users who visit the website and to comply with all applicable privacy laws. This Privacy Policy applies to the use of information collected by Our Site.<\/p>\n<p>Through this Privacy Policy, <a href=\"https:\/\/regenerativo.org\/en\/\">regenerative.org<\/a> explains what information our website collects, how that information is used, and how we use it to improve the experience of our site users.<\/p>\n<p>\u00a0<\/p>\n<p><strong>information collection<\/strong><\/p>\n<p>When you visit our website, we collect some information about you to improve your user experience. This information includes, among others, your IP address, the browser you are using, your arrival time, your actions on the website, the content you view, downloads, external links, among others. This information is collected to improve our website, improve content and provide more relevant information to meet your needs.<\/p>\n<p>In addition, our website uses Google Analytics to collect and analyze information about website traffic and the use of our site. Therefore, by using our website, you are also consenting to the collection and use of this information by Google Analytics in accordance with the Google Analytics terms and conditions.<\/p>\n<p>\u00a0<\/p>\n<p><strong>Use of information<\/strong><\/p>\n<p>The information we collect from you is used to provide a better user experience. This information may be used to provide personalized content, improve the content of our website and for website performance analysis purposes.<\/p>\n<p>Google Analytics also uses this information to provide information about usage trends for our website. We use this information to improve the content, links and functionality of the website.<\/p>\n<p>\u00a0<\/p>\n<p><strong>Share the information<\/strong><\/p>\n<p>We do not share the information collected by our website with third parties, except when you have been notified. If you have been told that information was shared with a third party, you will also understand the purposes for which this information was shared.<\/p>\n<p>In addition, if you are a user of Google Analytics, your information may also be shared with Google Analytics, in accordance with its terms and conditions.<\/p>\n<p>\u00a0<\/p>\n<p><strong>Security of the information<\/strong><\/p>\n<p>In <a href=\"https:\/\/regenerativo.org\/en\/\">https:\/\/regenerativo.org<\/a>, we take the necessary security measures to protect the information we collect about users and to comply with all applicable privacy laws. Only authorized employees have access to the information provided by users.<\/p>\n<p>In addition, all our employees are under an obligation of confidentiality and agree to comply with our Privacy Policies. However, no security measure is foolproof. Therefore, we cannot guarantee 100% the security of the information provided by users.<\/p>\n<p>\u00a0<\/p>\n<p><strong>external links<\/strong><\/p>\n<p>Our website may contain links to other websites not controlled by us. This Privacy Policy does not apply to those websites. Therefore, we strongly recommend that you review the Privacy Policy of external websites before providing any information about yourself to them.<\/p>\n<p>\u00a0<\/p>\n<p><strong>Changes to this Privacy Policy<\/strong><\/p>\n<p>We may update this Privacy Policy from time to time. If we make material changes to this Privacy Policy, we will notify our users through our website. We&#039;ll also check the effective date at the top to see when the last update was made.<\/p>\n<p>\u00a0<\/p>\n<p><strong>Contact<\/strong><\/p>\n<p>If you have any questions about this Privacy Policy or our website&#039;s collection, use and disclosure of information, please contact us through our website. <a href=\"https:\/\/regenerativo.org\/en\/contactos\/\">this link<\/a>.<\/p>\n\t\t\t\t\t\t\t\t<\/div>\n\t\t\t\t<\/div>\n\t\t\t\t\t<\/div>\n\t\t<\/div>\n\t\t\t\t\t<\/div>\n\t\t<\/section>\n\t\t\t\t<\/div>","protected":false},"excerpt":{"rendered":"<p>The website https:\/\/regenerativo.org is committed to protecting the information it collects about users who visit the website and to comply with all applicable privacy laws. This Privacy Policy applies to the use of information collected by Our Site. Through this Privacy Policy, regenerativo.org explains what [\u2026]<\/p>","protected":false},"author":1,"featured_media":0,"parent":0,"menu_order":0,"comment_status":"closed","ping_status":"closed","template":"elementor_header_footer","meta":{"footnotes":""},"yoast_head":"<!-- This site is optimized with the Yoast SEO plugin v22.7 - https:\/\/yoast.com\/wordpress\/plugins\/seo\/ -->\n<title>Pol\u00edtica de privacidad - NAR<\/title>\n<meta name=\"robots\" content=\"index, follow, max-snippet:-1, max-image-preview:large, max-video-preview:-1\" \/>\n<link rel=\"canonical\" href=\"https:\/\/regenerativo.org\/en\/politica-de-privacidad\/\" \/>\n<meta property=\"og:locale\" content=\"en_US\" \/>\n<meta property=\"og:type\" content=\"article\" \/>\n<meta property=\"og:title\" content=\"Pol\u00edtica de privacidad - NAR\" \/>\n<meta property=\"og:description\" content=\"El sitio web https:\/\/regenerativo.org se compromete a proteger la informaci\u00f3n que recopila sobre los usuarios que visitan el sitio web y a cumplir con todas las leyes aplicables en materia de privacidad. Esta Pol\u00edtica de privacidad se aplica al uso de la informaci\u00f3n recopilada por Nuestro sitio. Mediante esta Pol\u00edtica de Privacidad, regenerativo.org explica qu\u00e9 [&hellip;]\" \/>\n<meta property=\"og:url\" content=\"https:\/\/regenerativo.org\/en\/politica-de-privacidad\/\" \/>\n<meta property=\"og:site_name\" content=\"NAR\" \/>\n<meta property=\"article:modified_time\" content=\"2023-07-05T13:08:08+00:00\" \/>\n<meta name=\"twitter:card\" content=\"summary_large_image\" \/>\n<meta name=\"twitter:label1\" content=\"Est. reading time\" \/>\n\t<meta name=\"twitter:data1\" content=\"3 minutes\" \/>\n<script type=\"application\/ld+json\" class=\"yoast-schema-graph\">{\"@context\":\"https:\/\/schema.org\",\"@graph\":[{\"@type\":\"WebPage\",\"@id\":\"https:\/\/regenerativo.org\/politica-de-privacidad\/\",\"url\":\"https:\/\/regenerativo.org\/politica-de-privacidad\/\",\"name\":\"Pol\u00edtica de privacidad - NAR\",\"isPartOf\":{\"@id\":\"https:\/\/regenerativo.org\/#website\"},\"datePublished\":\"2023-03-07T19:26:57+00:00\",\"dateModified\":\"2023-07-05T13:08:08+00:00\",\"breadcrumb\":{\"@id\":\"https:\/\/regenerativo.org\/politica-de-privacidad\/#breadcrumb\"},\"inLanguage\":\"en-CA\",\"potentialAction\":[{\"@type\":\"ReadAction\",\"target\":[\"https:\/\/regenerativo.org\/politica-de-privacidad\/\"]}]},{\"@type\":\"BreadcrumbList\",\"@id\":\"https:\/\/regenerativo.org\/politica-de-privacidad\/#breadcrumb\",\"itemListElement\":[{\"@type\":\"ListItem\",\"position\":1,\"name\":\"Home\",\"item\":\"https:\/\/regenerativo.org\/\"},{\"@type\":\"ListItem\",\"position\":2,\"name\":\"Pol\u00edtica de privacidad\"}]},{\"@type\":\"WebSite\",\"@id\":\"https:\/\/regenerativo.org\/#website\",\"url\":\"https:\/\/regenerativo.org\/\",\"name\":\"NAR - Negocios Alimentarios Regenerativos\",\"description\":\"Hub de Conocimiento de Negocios de Alimentos Regenerativos\",\"publisher\":{\"@id\":\"https:\/\/regenerativo.org\/#organization\"},\"potentialAction\":[{\"@type\":\"SearchAction\",\"target\":{\"@type\":\"EntryPoint\",\"urlTemplate\":\"https:\/\/regenerativo.org\/?s={search_term_string}\"},\"query-input\":\"required name=search_term_string\"}],\"inLanguage\":\"en-CA\"},{\"@type\":\"Organization\",\"@id\":\"https:\/\/regenerativo.org\/#organization\",\"name\":\"NAR - Negocios Alimentarios Regenerativos\",\"url\":\"https:\/\/regenerativo.org\/\",\"logo\":{\"@type\":\"ImageObject\",\"inLanguage\":\"en-CA\",\"@id\":\"https:\/\/regenerativo.org\/#\/schema\/logo\/image\/\",\"url\":\"http:\/\/regenerativo.org\/wp-content\/uploads\/2023\/07\/nar.jpg\",\"contentUrl\":\"http:\/\/regenerativo.org\/wp-content\/uploads\/2023\/07\/nar.jpg\",\"width\":1671,\"height\":1070,\"caption\":\"NAR - Negocios Alimentarios Regenerativos\"},\"image\":{\"@id\":\"https:\/\/regenerativo.org\/#\/schema\/logo\/image\/\"}}]}<\/script>\n<!-- \/ Yoast SEO plugin. -->","yoast_head_json":{"title":"Pol\u00edtica de privacidad - NAR","robots":{"index":"index","follow":"follow","max-snippet":"max-snippet:-1","max-image-preview":"max-image-preview:large","max-video-preview":"max-video-preview:-1"},"canonical":"https:\/\/regenerativo.org\/en\/politica-de-privacidad\/","og_locale":"en_US","og_type":"article","og_title":"Pol\u00edtica de privacidad - NAR","og_description":"El sitio web https:\/\/regenerativo.org se compromete a proteger la informaci\u00f3n que recopila sobre los usuarios que visitan el sitio web y a cumplir con todas las leyes aplicables en materia de privacidad. Esta Pol\u00edtica de privacidad se aplica al uso de la informaci\u00f3n recopilada por Nuestro sitio. Mediante esta Pol\u00edtica de Privacidad, regenerativo.org explica qu\u00e9 [&hellip;]","og_url":"https:\/\/regenerativo.org\/en\/politica-de-privacidad\/","og_site_name":"NAR","article_modified_time":"2023-07-05T13:08:08+00:00","twitter_card":"summary_large_image","twitter_misc":{"Est. reading time":"3 minutes"},"schema":{"@context":"https:\/\/schema.org","@graph":[{"@type":"WebPage","@id":"https:\/\/regenerativo.org\/politica-de-privacidad\/","url":"https:\/\/regenerativo.org\/politica-de-privacidad\/","name":"Pol\u00edtica de privacidad - NAR","isPartOf":{"@id":"https:\/\/regenerativo.org\/#website"},"datePublished":"2023-03-07T19:26:57+00:00","dateModified":"2023-07-05T13:08:08+00:00","breadcrumb":{"@id":"https:\/\/regenerativo.org\/politica-de-privacidad\/#breadcrumb"},"inLanguage":"en-CA","potentialAction":[{"@type":"ReadAction","target":["https:\/\/regenerativo.org\/politica-de-privacidad\/"]}]},{"@type":"BreadcrumbList","@id":"https:\/\/regenerativo.org\/politica-de-privacidad\/#breadcrumb","itemListElement":[{"@type":"ListItem","position":1,"name":"Home","item":"https:\/\/regenerativo.org\/"},{"@type":"ListItem","position":2,"name":"Pol\u00edtica de privacidad"}]},{"@type":"WebSite","@id":"https:\/\/regenerativo.org\/#website","url":"https:\/\/regenerativo.org\/","name":"NAR - Negocios Alimentarios Regenerativos","description":"Regenerative Food Business Knowledge Hub","publisher":{"@id":"https:\/\/regenerativo.org\/#organization"},"potentialAction":[{"@type":"SearchAction","target":{"@type":"EntryPoint","urlTemplate":"https:\/\/regenerativo.org\/?s={search_term_string}"},"query-input":"required name=search_term_string"}],"inLanguage":"en-CA"},{"@type":"Organization","@id":"https:\/\/regenerativo.org\/#organization","name":"NAR - Negocios Alimentarios Regenerativos","url":"https:\/\/regenerativo.org\/","logo":{"@type":"ImageObject","inLanguage":"en-CA","@id":"https:\/\/regenerativo.org\/#\/schema\/logo\/image\/","url":"http:\/\/regenerativo.org\/wp-content\/uploads\/2023\/07\/nar.jpg","contentUrl":"http:\/\/regenerativo.org\/wp-content\/uploads\/2023\/07\/nar.jpg","width":1671,"height":1070,"caption":"NAR - Negocios Alimentarios Regenerativos"},"image":{"@id":"https:\/\/regenerativo.org\/#\/schema\/logo\/image\/"}}]}},"_links":{"self":[{"href":"https:\/\/regenerativo.org\/en\/wp-json\/wp\/v2\/pages\/3"}],"collection":[{"href":"https:\/\/regenerativo.org\/en\/wp-json\/wp\/v2\/pages"}],"about":[{"href":"https:\/\/regenerativo.org\/en\/wp-json\/wp\/v2\/types\/page"}],"author":[{"embeddable":true,"href":"https:\/\/regenerativo.org\/en\/wp-json\/wp\/v2\/users\/1"}],"replies":[{"embeddable":true,"href":"https:\/\/regenerativo.org\/en\/wp-json\/wp\/v2\/comments?post=3"}],"version-history":[{"count":3,"href":"https:\/\/regenerativo.org\/en\/wp-json\/wp\/v2\/pages\/3\/revisions"}],"predecessor-version":[{"id":5214,"href":"https:\/\/regenerativo.org\/en\/wp-json\/wp\/v2\/pages\/3\/revisions\/5214"}],"wp:attachment":[{"href":"https:\/\/regenerativo.org\/en\/wp-json\/wp\/v2\/media?parent=3"}],"curies":[{"name":"wp","href":"https:\/\/api.w.org\/{rel}","templated":true}]}}