{"id":6258,"date":"2023-11-27T13:23:31","date_gmt":"2023-11-27T19:23:31","guid":{"rendered":"https:\/\/regenerativo.org\/?page_id=6258"},"modified":"2024-02-07T10:55:31","modified_gmt":"2024-02-07T16:55:31","slug":"cadastro","status":"publish","type":"page","link":"https:\/\/regenerativo.org\/en\/comunidad\/cadastro\/","title":{"rendered":"Registration"},"content":{"rendered":"<div data-elementor-type=\"wp-page\" data-elementor-id=\"6258\" class=\"elementor elementor-6258\" data-elementor-post-type=\"page\">\n\t\t\t\t\t\t<section class=\"elementor-section elementor-top-section elementor-element elementor-element-341be7f elementor-section-full_width elementor-section-height-default elementor-section-height-default\" data-id=\"341be7f\" data-element_type=\"section\" data-settings=\"{&quot;background_background&quot;:&quot;classic&quot;}\">\n\t\t\t\t\t\t\t<div class=\"elementor-background-overlay\"><\/div>\n\t\t\t\t\t\t\t<div class=\"elementor-container elementor-column-gap-default\">\n\t\t\t\t\t<div class=\"elementor-column elementor-col-100 elementor-top-column elementor-element elementor-element-c2fdbac\" data-id=\"c2fdbac\" data-element_type=\"column\">\n\t\t\t<div class=\"elementor-widget-wrap elementor-element-populated\">\n\t\t\t\t\t\t<section class=\"elementor-section elementor-inner-section elementor-element elementor-element-02dc5fe elementor-section-content-middle animated-slow elementor-section-boxed elementor-section-height-default elementor-section-height-default elementor-invisible\" data-id=\"02dc5fe\" data-element_type=\"section\" data-settings=\"{&quot;animation&quot;:&quot;fadeIn&quot;,&quot;animation_delay&quot;:100}\">\n\t\t\t\t\t\t<div class=\"elementor-container elementor-column-gap-default\">\n\t\t\t\t\t<div class=\"elementor-column elementor-col-100 elementor-inner-column elementor-element elementor-element-af0e30d\" data-id=\"af0e30d\" data-element_type=\"column\" data-settings=\"{&quot;background_background&quot;:&quot;classic&quot;}\">\n\t\t\t<div class=\"elementor-widget-wrap elementor-element-populated\">\n\t\t\t\t\t\t<div class=\"elementor-element elementor-element-ff7a4ea elementor-view-default elementor-widget elementor-widget-icon\" data-id=\"ff7a4ea\" data-element_type=\"widget\" data-widget_type=\"icon.default\">\n\t\t\t\t<div class=\"elementor-widget-container\">\n\t\t\t\t\t\t\t<div class=\"elementor-icon-wrapper\">\n\t\t\t<div class=\"elementor-icon\">\n\t\t\t<svg xmlns=\"http:\/\/www.w3.org\/2000\/svg\" id=\"Layer_2\" viewbox=\"0 0 54 56.28\"><defs><style>.cls-1{fill-rule:evenodd;}.cls-1,.cls-2{fill:#fff;stroke-width:0px;}<\/style><\/defs><g id=\"Layer_1-2\"><circle class=\"cls-2\" cx=\"24\" cy=\"12\" r=\"12\"><\/circle><path class=\"cls-1\" d=\"m40.44,30.96c-2.1-1.01-4.28-1.83-6.53-2.46-3.21-.98-6.55-1.49-9.9-1.5-3.35.06-6.68.56-9.9,1.5-4.2,1.22-8.15,3.15-11.7,5.7-1.48,1.16-2.36,2.92-2.4,4.8v12h29.85c-.88-1.88-1.34-3.93-1.34-6,.01-6.96,5.06-12.9,11.93-14.04Z\"><\/path><path class=\"cls-1\" d=\"m42.72,33.72c-6.23,0-11.28,5.05-11.28,11.28s5.05,11.28,11.28,11.28,11.28-5.05,11.28-11.28-5.05-11.28-11.28-11.28Zm5.26,12.03h-4.14v4.14h-2.26v-4.14h-4.14v-2.26h4.14v-4.14h2.26v4.14h4.14v2.26Z\"><\/path><\/g><\/svg>\t\t\t<\/div>\n\t\t<\/div>\n\t\t\t\t\t\t<\/div>\n\t\t\t\t<\/div>\n\t\t\t\t<div class=\"elementor-element elementor-element-0613c2a elementor-widget elementor-widget-heading\" data-id=\"0613c2a\" data-element_type=\"widget\" data-widget_type=\"heading.default\">\n\t\t\t\t<div class=\"elementor-widget-container\">\n\t\t\t\t\t<h1 class=\"elementor-heading-title elementor-size-default\">Community registration<\/h1>\t\t\t\t<\/div>\n\t\t\t\t<\/div>\n\t\t\t\t<div class=\"elementor-element elementor-element-d071045 elementor-widget elementor-widget-text-editor\" data-id=\"d071045\" data-element_type=\"widget\" data-widget_type=\"text-editor.default\">\n\t\t\t\t<div class=\"elementor-widget-container\">\n\t\t\t\t\t\t\t\t\t<p>If you are interested in joining the RFB HUB exchange community, you can register your contact to receive useful information associated with strengthening the RFB community: HUB updates, events and courses, funding or investment opportunities, among other information of interest.<\/p>\t\t\t\t\t\t\t\t<\/div>\n\t\t\t\t<\/div>\n\t\t\t\t\t<\/div>\n\t\t<\/div>\n\t\t\t\t\t<\/div>\n\t\t<\/section>\n\t\t\t\t<div class=\"elementor-element elementor-element-0667d3a elementor-widget__width-initial elementor-absolute elementor-widget elementor-widget-heading\" data-id=\"0667d3a\" data-element_type=\"widget\" data-settings=\"{&quot;_position&quot;:&quot;absolute&quot;}\" data-widget_type=\"heading.default\">\n\t\t\t\t<div class=\"elementor-widget-container\">\n\t\t\t\t\t<p class=\"elementor-heading-title elementor-size-default\">ATAIC. Photo: Bruna Amante<\/p>\t\t\t\t<\/div>\n\t\t\t\t<\/div>\n\t\t\t\t\t<\/div>\n\t\t<\/div>\n\t\t\t\t\t<\/div>\n\t\t<\/section>\n\t\t\t\t<section class=\"elementor-section elementor-top-section elementor-element elementor-element-a876e4a elementor-section-boxed elementor-section-height-default elementor-section-height-default\" data-id=\"a876e4a\" data-element_type=\"section\" data-settings=\"{&quot;background_background&quot;:&quot;classic&quot;}\">\n\t\t\t\t\t\t<div class=\"elementor-container elementor-column-gap-default\">\n\t\t\t\t\t<div class=\"elementor-column elementor-col-100 elementor-top-column elementor-element elementor-element-75e710b\" data-id=\"75e710b\" data-element_type=\"column\">\n\t\t\t<div class=\"elementor-widget-wrap elementor-element-populated\">\n\t\t\t\t\t\t<div class=\"elementor-element elementor-element-8625110 elementor-button-align-stretch elementor-widget elementor-widget-form\" data-id=\"8625110\" data-element_type=\"widget\" data-settings=\"{&quot;step_next_label&quot;:&quot;Next&quot;,&quot;step_previous_label&quot;:&quot;Previous&quot;,&quot;button_width&quot;:&quot;100&quot;,&quot;step_type&quot;:&quot;number_text&quot;,&quot;step_icon_shape&quot;:&quot;circle&quot;}\" data-widget_type=\"form.default\">\n\t\t\t\t<div class=\"elementor-widget-container\">\n\t\t\t\t\t\t\t<form class=\"elementor-form\" method=\"post\" name=\"COMUNIDAD - CADASTRO\" action=\"\">\n\t\t\t<input type=\"hidden\" name=\"post_id\" value=\"6258\"\/>\n\t\t\t<input type=\"hidden\" name=\"form_id\" value=\"8625110\"\/>\n\t\t\t<input type=\"hidden\" name=\"referer_title\" value=\"NAR\" \/>\n\n\t\t\t\n\t\t\t<div class=\"elementor-form-fields-wrapper elementor-labels-above\">\n\t\t\t\t\t\t\t\t<div class=\"elementor-field-type-text elementor-field-group elementor-column elementor-field-group-nome elementor-col-100 elementor-field-required elementor-mark-required\">\n\t\t\t\t\t\t\t\t\t\t\t\t<label for=\"form-field-nome\" class=\"elementor-field-label\">\n\t\t\t\t\t\t\t\tFull name\t\t\t\t\t\t\t<\/label>\n\t\t\t\t\t\t\t\t\t\t\t\t\t\t<input size=\"1\" type=\"text\" name=\"form_fields[nome]\" id=\"form-field-nome\" class=\"elementor-field elementor-size-md  elementor-field-textual\" placeholder=\"Full name\" required=\"required\">\n\t\t\t\t\t\t\t\t\t\t\t<\/div>\n\t\t\t\t\t\t\t\t<div class=\"elementor-field-type-text elementor-field-group elementor-column elementor-field-group-organizacion elementor-col-100 elementor-field-required elementor-mark-required\">\n\t\t\t\t\t\t\t\t\t\t\t\t<label for=\"form-field-organizacion\" class=\"elementor-field-label\">\n\t\t\t\t\t\t\t\tOrganization\/Institution\/Network\t\t\t\t\t\t\t<\/label>\n\t\t\t\t\t\t\t\t\t\t\t\t\t\t<input size=\"1\" type=\"text\" name=\"form_fields[organizacion]\" id=\"form-field-organizacion\" class=\"elementor-field elementor-size-md  elementor-field-textual\" placeholder=\"Organization\/Institution\/Network\" required=\"required\">\n\t\t\t\t\t\t\t\t\t\t\t<\/div>\n\t\t\t\t\t\t\t\t<div class=\"elementor-field-type-text elementor-field-group elementor-column elementor-field-group-pais elementor-col-100 elementor-field-required elementor-mark-required\">\n\t\t\t\t\t\t\t\t\t\t\t\t<label for=\"form-field-pais\" class=\"elementor-field-label\">\n\t\t\t\t\t\t\t\tCountry\t\t\t\t\t\t\t<\/label>\n\t\t\t\t\t\t\t\t\t\t\t\t\t\t<input size=\"1\" type=\"text\" name=\"form_fields[pais]\" id=\"form-field-pais\" class=\"elementor-field elementor-size-md  elementor-field-textual\" placeholder=\"Country\" required=\"required\">\n\t\t\t\t\t\t\t\t\t\t\t<\/div>\n\t\t\t\t\t\t\t\t<div class=\"elementor-field-type-text elementor-field-group elementor-column elementor-field-group-ciudad elementor-col-100 elementor-field-required elementor-mark-required\">\n\t\t\t\t\t\t\t\t\t\t\t\t<label for=\"form-field-ciudad\" class=\"elementor-field-label\">\n\t\t\t\t\t\t\t\tCity\t\t\t\t\t\t\t<\/label>\n\t\t\t\t\t\t\t\t\t\t\t\t\t\t<input size=\"1\" type=\"text\" name=\"form_fields[ciudad]\" id=\"form-field-ciudad\" class=\"elementor-field elementor-size-md  elementor-field-textual\" placeholder=\"City\" required=\"required\">\n\t\t\t\t\t\t\t\t\t\t\t<\/div>\n\t\t\t\t\t\t\t\t<div class=\"elementor-field-type-email elementor-field-group elementor-column elementor-field-group-correo elementor-col-100 elementor-field-required elementor-mark-required\">\n\t\t\t\t\t\t\t\t\t\t\t\t<label for=\"form-field-correo\" class=\"elementor-field-label\">\n\t\t\t\t\t\t\t\tEmail\t\t\t\t\t\t\t<\/label>\n\t\t\t\t\t\t\t\t\t\t\t\t\t\t<input size=\"1\" type=\"email\" name=\"form_fields[correo]\" id=\"form-field-correo\" class=\"elementor-field elementor-size-md  elementor-field-textual\" placeholder=\"Email\" required=\"required\">\n\t\t\t\t\t\t\t\t\t\t\t<\/div>\n\t\t\t\t\t\t\t\t<div class=\"elementor-field-type-text elementor-field-group elementor-column elementor-field-group-whatsapp elementor-col-100\">\n\t\t\t\t\t\t\t\t\t\t\t\t<label for=\"form-field-whatsapp\" class=\"elementor-field-label\">\n\t\t\t\t\t\t\t\tWhatsapp contact (not required)\t\t\t\t\t\t\t<\/label>\n\t\t\t\t\t\t\t\t\t\t\t\t\t\t<input size=\"1\" type=\"text\" name=\"form_fields[whatsapp]\" id=\"form-field-whatsapp\" class=\"elementor-field elementor-size-md  elementor-field-textual\" placeholder=\"Whatsapp contact (not required)\">\n\t\t\t\t\t\t\t\t\t\t\t<\/div>\n\t\t\t\t\t\t\t\t<div class=\"elementor-field-type-checkbox elementor-field-group elementor-column elementor-field-group-temas elementor-col-100\">\n\t\t\t\t\t\t\t\t\t\t\t\t<label for=\"form-field-temas\" class=\"elementor-field-label\">\n\t\t\t\t\t\t\t\tSelect the topics of your interest associated with the community:\t\t\t\t\t\t\t<\/label>\n\t\t\t\t\t\t<div class=\"elementor-field-subgroup  elementor-subgroup-inline\"><span class=\"elementor-field-option\"><input type=\"checkbox\" value=\"noticias\" id=\"form-field-temas-0\" name=\"form_fields[temas][]\"> <label for=\"form-field-temas-0\">news<\/label><\/span><span class=\"elementor-field-option\"><input type=\"checkbox\" value=\"eventos\" id=\"form-field-temas-1\" name=\"form_fields[temas][]\"> <label for=\"form-field-temas-1\">events<\/label><\/span><span class=\"elementor-field-option\"><input type=\"checkbox\" value=\"fondos de apoyo\" id=\"form-field-temas-2\" name=\"form_fields[temas][]\"> <label for=\"form-field-temas-2\">support funds<\/label><\/span><span class=\"elementor-field-option\"><input type=\"checkbox\" value=\"conocer experiencias en regeneraci\u00f3n\" id=\"form-field-temas-3\" name=\"form_fields[temas][]\"> <label for=\"form-field-temas-3\">learn about experiences in regeneration<\/label><\/span><span class=\"elementor-field-option\"><input type=\"checkbox\" value=\"inversi\u00f3n\" id=\"form-field-temas-4\" name=\"form_fields[temas][]\"> <label for=\"form-field-temas-4\">investment<\/label><\/span><span class=\"elementor-field-option\"><input type=\"checkbox\" value=\"hacer red\" id=\"form-field-temas-5\" name=\"form_fields[temas][]\"> <label for=\"form-field-temas-5\">make network<\/label><\/span><span class=\"elementor-field-option\"><input type=\"checkbox\" value=\"aprender sobre regeneraci\u00f3n\" id=\"form-field-temas-6\" name=\"form_fields[temas][]\"> <label for=\"form-field-temas-6\">learn about regeneration<\/label><\/span><\/div>\t\t\t\t<\/div>\n\t\t\t\t\t\t\t\t<div class=\"elementor-field-type-text elementor-field-group elementor-column elementor-field-group-otros elementor-col-100\">\n\t\t\t\t\t\t\t\t\t\t\t\t<label for=\"form-field-otros\" class=\"elementor-field-label\">\n\t\t\t\t\t\t\t\tOthers (describe what other interest you would have)\t\t\t\t\t\t\t<\/label>\n\t\t\t\t\t\t\t\t\t\t\t\t\t\t<input size=\"1\" type=\"text\" name=\"form_fields[otros]\" id=\"form-field-otros\" class=\"elementor-field elementor-size-md  elementor-field-textual\" placeholder=\"Others (describe what other interest you would have)\">\n\t\t\t\t\t\t\t\t\t\t\t<\/div>\n\t\t\t\t\t\t\t\t<div class=\"elementor-field-type-radio elementor-field-group elementor-column elementor-field-group-partedelgrupo elementor-col-100 elementor-field-required elementor-mark-required\">\n\t\t\t\t\t\t\t\t\t\t\t\t<label for=\"form-field-partedelgrupo\" class=\"elementor-field-label\">\n\t\t\t\t\t\t\t\tAre you interested in being part of the HUB RFB WhatsApp group?\t\t\t\t\t\t\t<\/label>\n\t\t\t\t\t\t<div class=\"elementor-field-subgroup  elementor-subgroup-inline\"><span class=\"elementor-field-option\"><input type=\"radio\" value=\"s\u00ed\" id=\"form-field-partedelgrupo-0\" name=\"form_fields[partedelgrupo]\" required=\"required\"> <label for=\"form-field-partedelgrupo-0\">Yes<\/label><\/span><span class=\"elementor-field-option\"><input type=\"radio\" value=\"no\" id=\"form-field-partedelgrupo-1\" name=\"form_fields[partedelgrupo]\" required=\"required\"> <label for=\"form-field-partedelgrupo-1\">No<\/label><\/span><\/div>\t\t\t\t<\/div>\n\t\t\t\t\t\t\t\t<div class=\"elementor-field-type-radio elementor-field-group elementor-column elementor-field-group-aceito elementor-col-100\">\n\t\t\t\t\t<div class=\"elementor-field-subgroup\"><span class=\"elementor-field-option\"><input type=\"radio\" value=\"Acepto registrarme en la base de datos del proyecto NAR y recibir informaci\u00f3n en la direcci\u00f3n de correo electr\u00f3nico proporcionada. \" id=\"form-field-aceito-0\" name=\"form_fields[aceito]\"> <label for=\"form-field-aceito-0\">I agree to register in the RFB project database and receive information at the email address provided. <\/label><\/span><\/div>\t\t\t\t<\/div>\n\t\t\t\t\t\t\t\t<div class=\"elementor-field-type-radio elementor-field-group elementor-column elementor-field-group-aceitopolitica elementor-col-100\">\n\t\t\t\t\t<div class=\"elementor-field-subgroup\"><span class=\"elementor-field-option\"><input type=\"radio\" value=\"He le\u00eddo y acepto las &lt;a href=&quot;https:\/\/regenerativo.org\/politica-de-privacidad\/&quot; target=&quot;_blank&quot;&gt;pol\u00edticas de privacidad.&lt;\/a&gt;\" id=\"form-field-aceitopolitica-0\" name=\"form_fields[aceitopolitica]\"> <label for=\"form-field-aceitopolitica-0\">I have read and accept the <a href=\"https:\/\/regenerativo.org\/en\/politica-de-privacidad\/\" target=\"_blank\">privacy policies.<\/a><\/label><\/span><\/div>\t\t\t\t<\/div>\n\t\t\t\t\t\t\t\t<div class=\"elementor-field-group elementor-column elementor-field-type-submit elementor-col-100 e-form__buttons\">\n\t\t\t\t\t<button class=\"elementor-button elementor-size-sm\" type=\"submit\">\n\t\t\t\t\t\t<span class=\"elementor-button-content-wrapper\">\n\t\t\t\t\t\t\t\t\t\t\t\t\t\t\t\t\t\t\t\t\t\t<span class=\"elementor-button-text\">TO REGISTER<\/span>\n\t\t\t\t\t\t\t\t\t\t\t\t\t<\/span>\n\t\t\t\t\t<\/button>\n\t\t\t\t<\/div>\n\t\t\t<\/div>\n\t\t<input type=\"hidden\" name=\"trp-form-language\" value=\"en\"\/><\/form>\n\t\t\t\t\t\t<\/div>\n\t\t\t\t<\/div>\n\t\t\t\t\t<\/div>\n\t\t<\/div>\n\t\t\t\t\t<\/div>\n\t\t<\/section>\n\t\t\t\t<\/div>","protected":false},"excerpt":{"rendered":"<p>&nbsp; &nbsp; Community registration If you are interested in joining the NAR HUB exchange community, you can register your contact to receive useful information associated with strengthening the NAR community: HUB updates, events and courses, funding or investment opportunities, among other information of interest. ATAIC. Photo: Bruna Amante<\/p>","protected":false},"author":2,"featured_media":0,"parent":6250,"menu_order":0,"comment_status":"closed","ping_status":"closed","template":"elementor_header_footer","meta":{"footnotes":""},"yoast_head":"<!-- This site is optimized with the Yoast SEO plugin v22.7 - https:\/\/yoast.com\/wordpress\/plugins\/seo\/ -->\n<title>Registro - NAR<\/title>\n<meta name=\"robots\" content=\"index, follow, max-snippet:-1, max-image-preview:large, max-video-preview:-1\" \/>\n<link rel=\"canonical\" href=\"https:\/\/regenerativo.org\/en\/comunidad\/cadastro\/\" \/>\n<meta property=\"og:locale\" content=\"en_US\" \/>\n<meta property=\"og:type\" content=\"article\" \/>\n<meta property=\"og:title\" content=\"Registro - NAR\" \/>\n<meta property=\"og:description\" content=\"&nbsp; &nbsp; Registro a la comunidad Si tienes inter\u00e9s en integrar la comunidad de intercambio del HUB NAR, puedes registrar tu contacto para recibir informaci\u00f3n \u00fatil asociada al fortalecimiento de la comunidad NAR: actualizaciones del HUB, eventos y cursos, oportunidades de fondos o inversi\u00f3n, entre otras informaciones de inter\u00e9s. ATAIC. Foto: Bruna Amante\" \/>\n<meta property=\"og:url\" content=\"https:\/\/regenerativo.org\/en\/comunidad\/cadastro\/\" \/>\n<meta property=\"og:site_name\" content=\"NAR\" \/>\n<meta property=\"article:modified_time\" content=\"2024-02-07T16:55:31+00:00\" \/>\n<meta name=\"twitter:card\" content=\"summary_large_image\" \/>\n<meta name=\"twitter:label1\" content=\"Est. reading time\" \/>\n\t<meta name=\"twitter:data1\" content=\"1 minute\" \/>\n<script type=\"application\/ld+json\" class=\"yoast-schema-graph\">{\"@context\":\"https:\/\/schema.org\",\"@graph\":[{\"@type\":\"WebPage\",\"@id\":\"https:\/\/regenerativo.org\/comunidad\/cadastro\/\",\"url\":\"https:\/\/regenerativo.org\/comunidad\/cadastro\/\",\"name\":\"Registro - NAR\",\"isPartOf\":{\"@id\":\"https:\/\/regenerativo.org\/#website\"},\"datePublished\":\"2023-11-27T19:23:31+00:00\",\"dateModified\":\"2024-02-07T16:55:31+00:00\",\"breadcrumb\":{\"@id\":\"https:\/\/regenerativo.org\/comunidad\/cadastro\/#breadcrumb\"},\"inLanguage\":\"en-CA\",\"potentialAction\":[{\"@type\":\"ReadAction\",\"target\":[\"https:\/\/regenerativo.org\/comunidad\/cadastro\/\"]}]},{\"@type\":\"BreadcrumbList\",\"@id\":\"https:\/\/regenerativo.org\/comunidad\/cadastro\/#breadcrumb\",\"itemListElement\":[{\"@type\":\"ListItem\",\"position\":1,\"name\":\"Home\",\"item\":\"https:\/\/regenerativo.org\/\"},{\"@type\":\"ListItem\",\"position\":2,\"name\":\"Comunidad\",\"item\":\"https:\/\/regenerativo.org\/comunidad\/\"},{\"@type\":\"ListItem\",\"position\":3,\"name\":\"Registro\"}]},{\"@type\":\"WebSite\",\"@id\":\"https:\/\/regenerativo.org\/#website\",\"url\":\"https:\/\/regenerativo.org\/\",\"name\":\"NAR - Negocios Alimentarios Regenerativos\",\"description\":\"Hub de Conocimiento de Negocios de Alimentos Regenerativos\",\"publisher\":{\"@id\":\"https:\/\/regenerativo.org\/#organization\"},\"potentialAction\":[{\"@type\":\"SearchAction\",\"target\":{\"@type\":\"EntryPoint\",\"urlTemplate\":\"https:\/\/regenerativo.org\/?s={search_term_string}\"},\"query-input\":\"required name=search_term_string\"}],\"inLanguage\":\"en-CA\"},{\"@type\":\"Organization\",\"@id\":\"https:\/\/regenerativo.org\/#organization\",\"name\":\"NAR - Negocios Alimentarios Regenerativos\",\"url\":\"https:\/\/regenerativo.org\/\",\"logo\":{\"@type\":\"ImageObject\",\"inLanguage\":\"en-CA\",\"@id\":\"https:\/\/regenerativo.org\/#\/schema\/logo\/image\/\",\"url\":\"http:\/\/regenerativo.org\/wp-content\/uploads\/2023\/07\/nar.jpg\",\"contentUrl\":\"http:\/\/regenerativo.org\/wp-content\/uploads\/2023\/07\/nar.jpg\",\"width\":1671,\"height\":1070,\"caption\":\"NAR - Negocios Alimentarios Regenerativos\"},\"image\":{\"@id\":\"https:\/\/regenerativo.org\/#\/schema\/logo\/image\/\"}}]}<\/script>\n<!-- \/ Yoast SEO plugin. -->","yoast_head_json":{"title":"Registro - NAR","robots":{"index":"index","follow":"follow","max-snippet":"max-snippet:-1","max-image-preview":"max-image-preview:large","max-video-preview":"max-video-preview:-1"},"canonical":"https:\/\/regenerativo.org\/en\/comunidad\/cadastro\/","og_locale":"en_US","og_type":"article","og_title":"Registro - NAR","og_description":"&nbsp; &nbsp; Registro a la comunidad Si tienes inter\u00e9s en integrar la comunidad de intercambio del HUB NAR, puedes registrar tu contacto para recibir informaci\u00f3n \u00fatil asociada al fortalecimiento de la comunidad NAR: actualizaciones del HUB, eventos y cursos, oportunidades de fondos o inversi\u00f3n, entre otras informaciones de inter\u00e9s. ATAIC. Foto: Bruna Amante","og_url":"https:\/\/regenerativo.org\/en\/comunidad\/cadastro\/","og_site_name":"NAR","article_modified_time":"2024-02-07T16:55:31+00:00","twitter_card":"summary_large_image","twitter_misc":{"Est. reading time":"1 minute"},"schema":{"@context":"https:\/\/schema.org","@graph":[{"@type":"WebPage","@id":"https:\/\/regenerativo.org\/comunidad\/cadastro\/","url":"https:\/\/regenerativo.org\/comunidad\/cadastro\/","name":"Registro - NAR","isPartOf":{"@id":"https:\/\/regenerativo.org\/#website"},"datePublished":"2023-11-27T19:23:31+00:00","dateModified":"2024-02-07T16:55:31+00:00","breadcrumb":{"@id":"https:\/\/regenerativo.org\/comunidad\/cadastro\/#breadcrumb"},"inLanguage":"en-CA","potentialAction":[{"@type":"ReadAction","target":["https:\/\/regenerativo.org\/comunidad\/cadastro\/"]}]},{"@type":"BreadcrumbList","@id":"https:\/\/regenerativo.org\/comunidad\/cadastro\/#breadcrumb","itemListElement":[{"@type":"ListItem","position":1,"name":"Home","item":"https:\/\/regenerativo.org\/"},{"@type":"ListItem","position":2,"name":"Comunidad","item":"https:\/\/regenerativo.org\/comunidad\/"},{"@type":"ListItem","position":3,"name":"Registro"}]},{"@type":"WebSite","@id":"https:\/\/regenerativo.org\/#website","url":"https:\/\/regenerativo.org\/","name":"NAR - Negocios Alimentarios Regenerativos","description":"Regenerative Food Business Knowledge Hub","publisher":{"@id":"https:\/\/regenerativo.org\/#organization"},"potentialAction":[{"@type":"SearchAction","target":{"@type":"EntryPoint","urlTemplate":"https:\/\/regenerativo.org\/?s={search_term_string}"},"query-input":"required name=search_term_string"}],"inLanguage":"en-CA"},{"@type":"Organization","@id":"https:\/\/regenerativo.org\/#organization","name":"NAR - Negocios Alimentarios Regenerativos","url":"https:\/\/regenerativo.org\/","logo":{"@type":"ImageObject","inLanguage":"en-CA","@id":"https:\/\/regenerativo.org\/#\/schema\/logo\/image\/","url":"http:\/\/regenerativo.org\/wp-content\/uploads\/2023\/07\/nar.jpg","contentUrl":"http:\/\/regenerativo.org\/wp-content\/uploads\/2023\/07\/nar.jpg","width":1671,"height":1070,"caption":"NAR - Negocios Alimentarios Regenerativos"},"image":{"@id":"https:\/\/regenerativo.org\/#\/schema\/logo\/image\/"}}]}},"_links":{"self":[{"href":"https:\/\/regenerativo.org\/en\/wp-json\/wp\/v2\/pages\/6258"}],"collection":[{"href":"https:\/\/regenerativo.org\/en\/wp-json\/wp\/v2\/pages"}],"about":[{"href":"https:\/\/regenerativo.org\/en\/wp-json\/wp\/v2\/types\/page"}],"author":[{"embeddable":true,"href":"https:\/\/regenerativo.org\/en\/wp-json\/wp\/v2\/users\/2"}],"replies":[{"embeddable":true,"href":"https:\/\/regenerativo.org\/en\/wp-json\/wp\/v2\/comments?post=6258"}],"version-history":[{"count":74,"href":"https:\/\/regenerativo.org\/en\/wp-json\/wp\/v2\/pages\/6258\/revisions"}],"predecessor-version":[{"id":7961,"href":"https:\/\/regenerativo.org\/en\/wp-json\/wp\/v2\/pages\/6258\/revisions\/7961"}],"up":[{"embeddable":true,"href":"https:\/\/regenerativo.org\/en\/wp-json\/wp\/v2\/pages\/6250"}],"wp:attachment":[{"href":"https:\/\/regenerativo.org\/en\/wp-json\/wp\/v2\/media?parent=6258"}],"curies":[{"name":"wp","href":"https:\/\/api.w.org\/{rel}","templated":true}]}}