{"id":3,"date":"2023-03-07T19:26:57","date_gmt":"2023-03-07T19:26:57","guid":{"rendered":"https:\/\/regenerativo.org\/?page_id=3"},"modified":"2023-07-05T07:08:08","modified_gmt":"2023-07-05T13:08:08","slug":"politica-de-privacidad","status":"publish","type":"page","link":"https:\/\/regenerativo.org\/pt\/politica-de-privacidad\/","title":{"rendered":"Pol\u00edtica de privacidade"},"content":{"rendered":"<div data-elementor-type=\"wp-page\" data-elementor-id=\"3\" class=\"elementor elementor-3\" data-elementor-post-type=\"page\">\n\t\t\t\t\t\t<section class=\"elementor-section elementor-top-section elementor-element elementor-element-34790e44 elementor-section-boxed elementor-section-height-default elementor-section-height-default\" data-id=\"34790e44\" data-element_type=\"section\">\n\t\t\t\t\t\t<div class=\"elementor-container elementor-column-gap-default\">\n\t\t\t\t\t<div class=\"elementor-column elementor-col-100 elementor-top-column elementor-element elementor-element-1f280f0\" data-id=\"1f280f0\" data-element_type=\"column\">\n\t\t\t<div class=\"elementor-widget-wrap elementor-element-populated\">\n\t\t\t\t\t\t<div class=\"elementor-element elementor-element-5c31ceb elementor-widget elementor-widget-heading\" data-id=\"5c31ceb\" data-element_type=\"widget\" data-widget_type=\"heading.default\">\n\t\t\t\t<div class=\"elementor-widget-container\">\n\t\t\t\t\t<h1 class=\"elementor-heading-title elementor-size-default\">Pol\u00edtica de privacidade<\/h1>\t\t\t\t<\/div>\n\t\t\t\t<\/div>\n\t\t\t\t<div class=\"elementor-element elementor-element-adc6cfe elementor-widget elementor-widget-spacer\" data-id=\"adc6cfe\" data-element_type=\"widget\" data-widget_type=\"spacer.default\">\n\t\t\t\t<div class=\"elementor-widget-container\">\n\t\t\t\t\t\t\t<div class=\"elementor-spacer\">\n\t\t\t<div class=\"elementor-spacer-inner\"><\/div>\n\t\t<\/div>\n\t\t\t\t\t\t<\/div>\n\t\t\t\t<\/div>\n\t\t\t\t<div class=\"elementor-element elementor-element-536280f7 elementor-widget elementor-widget-text-editor\" data-id=\"536280f7\" data-element_type=\"widget\" data-widget_type=\"text-editor.default\">\n\t\t\t\t<div class=\"elementor-widget-container\">\n\t\t\t\t\t\t\t\t\t\n<p>A p\u00e1gina web <a href=\"https:\/\/regenerativo.org\/pt\/\" target=\"_blank\" rel=\"noopener\">https:\/\/regenerativo.org<\/a> est\u00e1 empenhada em proteger as informa\u00e7\u00f5es que coleta sobre os usu\u00e1rios que visitam o site e em cumprir todas as leis de privacidade aplic\u00e1veis. Esta Pol\u00edtica de Privacidade se aplica ao uso das informa\u00e7\u00f5es coletadas pelo Nosso Site.<\/p>\n<p>Atrav\u00e9s desta Pol\u00edtica de Privacidade, <a href=\"https:\/\/regenerativo.org\/pt\/\">regenerative.org<\/a> explica quais informa\u00e7\u00f5es nosso site coleta, como essas informa\u00e7\u00f5es s\u00e3o usadas e como as usamos para melhorar a experi\u00eancia dos usu\u00e1rios de nosso site.<\/p>\n<p>\u00a0<\/p>\n<p><strong>Coleta de informa\u00e7\u00f5es<\/strong><\/p>\n<p>Quando voc\u00ea visita nosso site, coletamos algumas informa\u00e7\u00f5es sobre voc\u00ea para melhorar sua experi\u00eancia de usu\u00e1rio. Esta informa\u00e7\u00e3o inclui, entre outros, o seu endere\u00e7o IP, o navegador que est\u00e1 a utilizar, a sua hora de chegada, as suas a\u00e7\u00f5es no website, o conte\u00fado que visualiza, downloads, links externos, entre outros. Essas informa\u00e7\u00f5es s\u00e3o coletadas para melhorar nosso site, melhorar o conte\u00fado e fornecer informa\u00e7\u00f5es mais relevantes para atender \u00e0s suas necessidades.<\/p>\n<p>Al\u00e9m disso, nosso site usa o Google Analytics para coletar e analisar informa\u00e7\u00f5es sobre o tr\u00e1fego do site e o uso de nosso site. Portanto, ao usar nosso site, voc\u00ea tamb\u00e9m concorda com a coleta e uso dessas informa\u00e7\u00f5es pelo Google Analytics de acordo com os termos e condi\u00e7\u00f5es do Google Analytics.<\/p>\n<p>\u00a0<\/p>\n<p><strong>Uso de informa\u00e7\u00f5es<\/strong><\/p>\n<p>As informa\u00e7\u00f5es que coletamos de voc\u00ea s\u00e3o usadas para fornecer uma melhor experi\u00eancia ao usu\u00e1rio. Essas informa\u00e7\u00f5es podem ser usadas para fornecer conte\u00fado personalizado, melhorar o conte\u00fado do nosso site e para fins de an\u00e1lise de desempenho do site.<\/p>\n<p>O Google Analytics tamb\u00e9m usa essas informa\u00e7\u00f5es para fornecer informa\u00e7\u00f5es sobre as tend\u00eancias de uso do nosso site. Usamos essas informa\u00e7\u00f5es para melhorar o conte\u00fado, os links e a funcionalidade do site.<\/p>\n<p>\u00a0<\/p>\n<p><strong>Compartilhe as informa\u00e7\u00f5es<\/strong><\/p>\n<p>N\u00e3o compartilhamos as informa\u00e7\u00f5es coletadas pelo nosso site com terceiros, exceto quando voc\u00ea for notificado. Se voc\u00ea foi informado de que as informa\u00e7\u00f5es foram compartilhadas com terceiros, voc\u00ea tamb\u00e9m entender\u00e1 os prop\u00f3sitos para os quais essas informa\u00e7\u00f5es foram compartilhadas.<\/p>\n<p>Al\u00e9m disso, se voc\u00ea for usu\u00e1rio do Google Analytics, suas informa\u00e7\u00f5es tamb\u00e9m poder\u00e3o ser compartilhadas com o Google Analytics, de acordo com seus termos e condi\u00e7\u00f5es.<\/p>\n<p>\u00a0<\/p>\n<p><strong>Seguran\u00e7a da informa\u00e7\u00e3o<\/strong><\/p>\n<p>Em <a href=\"https:\/\/regenerativo.org\/pt\/\">https:\/\/regenerativo.org<\/a>, tomamos as medidas de seguran\u00e7a necess\u00e1rias para proteger as informa\u00e7\u00f5es que coletamos sobre os usu\u00e1rios e para cumprir todas as leis de privacidade aplic\u00e1veis. Somente funcion\u00e1rios autorizados t\u00eam acesso \u00e0s informa\u00e7\u00f5es fornecidas pelos usu\u00e1rios.<\/p>\n<p>Al\u00e9m disso, todos os nossos funcion\u00e1rios est\u00e3o sob a obriga\u00e7\u00e3o de confidencialidade e concordam em cumprir nossas Pol\u00edticas de Privacidade. No entanto, nenhuma medida de seguran\u00e7a \u00e9 infal\u00edvel. Portanto, n\u00e3o podemos garantir ao 100% a seguran\u00e7a das informa\u00e7\u00f5es fornecidas pelos usu\u00e1rios.<\/p>\n<p>\u00a0<\/p>\n<p><strong>links externos<\/strong><\/p>\n<p>Nosso site pode conter links para outros sites n\u00e3o controlados por n\u00f3s. Esta Pol\u00edtica de Privacidade n\u00e3o se aplica a esses sites. Portanto, recomendamos fortemente que voc\u00ea revise a Pol\u00edtica de Privacidade de sites externos antes de fornecer qualquer informa\u00e7\u00e3o sobre voc\u00ea a eles.<\/p>\n<p>\u00a0<\/p>\n<p><strong>Altera\u00e7\u00f5es a esta Pol\u00edtica de Privacidade<\/strong><\/p>\n<p>Podemos atualizar esta Pol\u00edtica de Privacidade de tempos em tempos. Se fizermos altera\u00e7\u00f5es materiais nesta Pol\u00edtica de Privacidade, notificaremos nossos usu\u00e1rios por meio de nosso site. Tamb\u00e9m verificaremos a data efetiva na parte superior para ver quando foi feita a \u00faltima atualiza\u00e7\u00e3o.<\/p>\n<p>\u00a0<\/p>\n<p><strong>Contato<\/strong><\/p>\n<p>Se voc\u00ea tiver alguma d\u00favida sobre esta Pol\u00edtica de Privacidade ou sobre a coleta, uso e divulga\u00e7\u00e3o de informa\u00e7\u00f5es do nosso site, entre em contato conosco atrav\u00e9s do nosso site. <a href=\"https:\/\/regenerativo.org\/pt\/contactos\/\">esse link<\/a>.<\/p>\n\t\t\t\t\t\t\t\t<\/div>\n\t\t\t\t<\/div>\n\t\t\t\t\t<\/div>\n\t\t<\/div>\n\t\t\t\t\t<\/div>\n\t\t<\/section>\n\t\t\t\t<\/div>","protected":false},"excerpt":{"rendered":"<p>O site https:\/\/regenerativo.org est\u00e1 empenhado em proteger a informa\u00e7\u00e3o que recolhe sobre os utilizadores que visitam o site e em cumprir todas as leis de privacidade aplic\u00e1veis. Esta Pol\u00edtica de Privacidade se aplica ao uso das informa\u00e7\u00f5es coletadas pelo Nosso Site. Atrav\u00e9s desta Pol\u00edtica de Privacidade, regenerativo.org explica o que [\u2026]<\/p>","protected":false},"author":1,"featured_media":0,"parent":0,"menu_order":0,"comment_status":"closed","ping_status":"closed","template":"elementor_header_footer","meta":{"footnotes":""},"yoast_head":"<!-- This site is optimized with the Yoast SEO plugin v22.7 - https:\/\/yoast.com\/wordpress\/plugins\/seo\/ -->\n<title>Pol\u00edtica de privacidad - NAR<\/title>\n<meta name=\"robots\" content=\"index, follow, max-snippet:-1, max-image-preview:large, max-video-preview:-1\" \/>\n<link rel=\"canonical\" href=\"https:\/\/regenerativo.org\/pt\/politica-de-privacidad\/\" \/>\n<meta property=\"og:locale\" content=\"pt_BR\" \/>\n<meta property=\"og:type\" content=\"article\" \/>\n<meta property=\"og:title\" content=\"Pol\u00edtica de privacidad - NAR\" \/>\n<meta property=\"og:description\" content=\"El sitio web https:\/\/regenerativo.org se compromete a proteger la informaci\u00f3n que recopila sobre los usuarios que visitan el sitio web y a cumplir con todas las leyes aplicables en materia de privacidad. Esta Pol\u00edtica de privacidad se aplica al uso de la informaci\u00f3n recopilada por Nuestro sitio. Mediante esta Pol\u00edtica de Privacidad, regenerativo.org explica qu\u00e9 [&hellip;]\" \/>\n<meta property=\"og:url\" content=\"https:\/\/regenerativo.org\/pt\/politica-de-privacidad\/\" \/>\n<meta property=\"og:site_name\" content=\"NAR\" \/>\n<meta property=\"article:modified_time\" content=\"2023-07-05T13:08:08+00:00\" \/>\n<meta name=\"twitter:card\" content=\"summary_large_image\" \/>\n<meta name=\"twitter:label1\" content=\"Est. tempo de leitura\" \/>\n\t<meta name=\"twitter:data1\" content=\"3 minutos\" \/>\n<script type=\"application\/ld+json\" class=\"yoast-schema-graph\">{\"@context\":\"https:\/\/schema.org\",\"@graph\":[{\"@type\":\"WebPage\",\"@id\":\"https:\/\/regenerativo.org\/politica-de-privacidad\/\",\"url\":\"https:\/\/regenerativo.org\/politica-de-privacidad\/\",\"name\":\"Pol\u00edtica de privacidad - NAR\",\"isPartOf\":{\"@id\":\"https:\/\/regenerativo.org\/#website\"},\"datePublished\":\"2023-03-07T19:26:57+00:00\",\"dateModified\":\"2023-07-05T13:08:08+00:00\",\"breadcrumb\":{\"@id\":\"https:\/\/regenerativo.org\/politica-de-privacidad\/#breadcrumb\"},\"inLanguage\":\"pt-BR\",\"potentialAction\":[{\"@type\":\"ReadAction\",\"target\":[\"https:\/\/regenerativo.org\/politica-de-privacidad\/\"]}]},{\"@type\":\"BreadcrumbList\",\"@id\":\"https:\/\/regenerativo.org\/politica-de-privacidad\/#breadcrumb\",\"itemListElement\":[{\"@type\":\"ListItem\",\"position\":1,\"name\":\"Home\",\"item\":\"https:\/\/regenerativo.org\/\"},{\"@type\":\"ListItem\",\"position\":2,\"name\":\"Pol\u00edtica de privacidad\"}]},{\"@type\":\"WebSite\",\"@id\":\"https:\/\/regenerativo.org\/#website\",\"url\":\"https:\/\/regenerativo.org\/\",\"name\":\"NAR - Negocios Alimentarios Regenerativos\",\"description\":\"Hub de Conocimiento de Negocios de Alimentos Regenerativos\",\"publisher\":{\"@id\":\"https:\/\/regenerativo.org\/#organization\"},\"potentialAction\":[{\"@type\":\"SearchAction\",\"target\":{\"@type\":\"EntryPoint\",\"urlTemplate\":\"https:\/\/regenerativo.org\/?s={search_term_string}\"},\"query-input\":\"required name=search_term_string\"}],\"inLanguage\":\"pt-BR\"},{\"@type\":\"Organization\",\"@id\":\"https:\/\/regenerativo.org\/#organization\",\"name\":\"NAR - Negocios Alimentarios Regenerativos\",\"url\":\"https:\/\/regenerativo.org\/\",\"logo\":{\"@type\":\"ImageObject\",\"inLanguage\":\"pt-BR\",\"@id\":\"https:\/\/regenerativo.org\/#\/schema\/logo\/image\/\",\"url\":\"http:\/\/regenerativo.org\/wp-content\/uploads\/2023\/07\/nar.jpg\",\"contentUrl\":\"http:\/\/regenerativo.org\/wp-content\/uploads\/2023\/07\/nar.jpg\",\"width\":1671,\"height\":1070,\"caption\":\"NAR - Negocios Alimentarios Regenerativos\"},\"image\":{\"@id\":\"https:\/\/regenerativo.org\/#\/schema\/logo\/image\/\"}}]}<\/script>\n<!-- \/ Yoast SEO plugin. -->","yoast_head_json":{"title":"Pol\u00edtica de privacidad - NAR","robots":{"index":"index","follow":"follow","max-snippet":"max-snippet:-1","max-image-preview":"max-image-preview:large","max-video-preview":"max-video-preview:-1"},"canonical":"https:\/\/regenerativo.org\/pt\/politica-de-privacidad\/","og_locale":"pt_BR","og_type":"article","og_title":"Pol\u00edtica de privacidad - NAR","og_description":"El sitio web https:\/\/regenerativo.org se compromete a proteger la informaci\u00f3n que recopila sobre los usuarios que visitan el sitio web y a cumplir con todas las leyes aplicables en materia de privacidad. Esta Pol\u00edtica de privacidad se aplica al uso de la informaci\u00f3n recopilada por Nuestro sitio. Mediante esta Pol\u00edtica de Privacidad, regenerativo.org explica qu\u00e9 [&hellip;]","og_url":"https:\/\/regenerativo.org\/pt\/politica-de-privacidad\/","og_site_name":"NAR","article_modified_time":"2023-07-05T13:08:08+00:00","twitter_card":"summary_large_image","twitter_misc":{"Est. tempo de leitura":"3 minutos"},"schema":{"@context":"https:\/\/schema.org","@graph":[{"@type":"WebPage","@id":"https:\/\/regenerativo.org\/politica-de-privacidad\/","url":"https:\/\/regenerativo.org\/politica-de-privacidad\/","name":"Pol\u00edtica de privacidad - NAR","isPartOf":{"@id":"https:\/\/regenerativo.org\/#website"},"datePublished":"2023-03-07T19:26:57+00:00","dateModified":"2023-07-05T13:08:08+00:00","breadcrumb":{"@id":"https:\/\/regenerativo.org\/politica-de-privacidad\/#breadcrumb"},"inLanguage":"pt-BR","potentialAction":[{"@type":"ReadAction","target":["https:\/\/regenerativo.org\/politica-de-privacidad\/"]}]},{"@type":"BreadcrumbList","@id":"https:\/\/regenerativo.org\/politica-de-privacidad\/#breadcrumb","itemListElement":[{"@type":"ListItem","position":1,"name":"Home","item":"https:\/\/regenerativo.org\/"},{"@type":"ListItem","position":2,"name":"Pol\u00edtica de privacidad"}]},{"@type":"WebSite","@id":"https:\/\/regenerativo.org\/#website","url":"https:\/\/regenerativo.org\/","name":"NAR - Negocios Alimentarios Regenerativos","description":"Centro de Conhecimento Empresarial de Alimentos Regenerativos","publisher":{"@id":"https:\/\/regenerativo.org\/#organization"},"potentialAction":[{"@type":"SearchAction","target":{"@type":"EntryPoint","urlTemplate":"https:\/\/regenerativo.org\/?s={search_term_string}"},"query-input":"required name=search_term_string"}],"inLanguage":"pt-BR"},{"@type":"Organization","@id":"https:\/\/regenerativo.org\/#organization","name":"NAR - Negocios Alimentarios Regenerativos","url":"https:\/\/regenerativo.org\/","logo":{"@type":"ImageObject","inLanguage":"pt-BR","@id":"https:\/\/regenerativo.org\/#\/schema\/logo\/image\/","url":"http:\/\/regenerativo.org\/wp-content\/uploads\/2023\/07\/nar.jpg","contentUrl":"http:\/\/regenerativo.org\/wp-content\/uploads\/2023\/07\/nar.jpg","width":1671,"height":1070,"caption":"NAR - Negocios Alimentarios Regenerativos"},"image":{"@id":"https:\/\/regenerativo.org\/#\/schema\/logo\/image\/"}}]}},"_links":{"self":[{"href":"https:\/\/regenerativo.org\/pt\/wp-json\/wp\/v2\/pages\/3"}],"collection":[{"href":"https:\/\/regenerativo.org\/pt\/wp-json\/wp\/v2\/pages"}],"about":[{"href":"https:\/\/regenerativo.org\/pt\/wp-json\/wp\/v2\/types\/page"}],"author":[{"embeddable":true,"href":"https:\/\/regenerativo.org\/pt\/wp-json\/wp\/v2\/users\/1"}],"replies":[{"embeddable":true,"href":"https:\/\/regenerativo.org\/pt\/wp-json\/wp\/v2\/comments?post=3"}],"version-history":[{"count":3,"href":"https:\/\/regenerativo.org\/pt\/wp-json\/wp\/v2\/pages\/3\/revisions"}],"predecessor-version":[{"id":5214,"href":"https:\/\/regenerativo.org\/pt\/wp-json\/wp\/v2\/pages\/3\/revisions\/5214"}],"wp:attachment":[{"href":"https:\/\/regenerativo.org\/pt\/wp-json\/wp\/v2\/media?parent=3"}],"curies":[{"name":"wp","href":"https:\/\/api.w.org\/{rel}","templated":true}]}}