{"id":6260,"date":"2023-11-27T13:23:45","date_gmt":"2023-11-27T19:23:45","guid":{"rendered":"https:\/\/regenerativo.org\/?page_id=6260"},"modified":"2024-01-25T13:59:06","modified_gmt":"2024-01-25T19:59:06","slug":"grupos","status":"publish","type":"page","link":"https:\/\/regenerativo.org\/pt\/comunidad\/grupos\/","title":{"rendered":"Grupos"},"content":{"rendered":"<div data-elementor-type=\"wp-page\" data-elementor-id=\"6260\" class=\"elementor elementor-6260\" data-elementor-post-type=\"page\">\n\t\t\t\t\t\t<section class=\"elementor-section elementor-top-section elementor-element elementor-element-e68a34b elementor-section-full_width elementor-section-height-default elementor-section-height-default\" data-id=\"e68a34b\" data-element_type=\"section\" data-settings=\"{&quot;background_background&quot;:&quot;classic&quot;}\">\n\t\t\t\t\t\t\t<div class=\"elementor-background-overlay\"><\/div>\n\t\t\t\t\t\t\t<div class=\"elementor-container elementor-column-gap-default\">\n\t\t\t\t\t<div class=\"elementor-column elementor-col-100 elementor-top-column elementor-element elementor-element-3b1ab02\" data-id=\"3b1ab02\" data-element_type=\"column\">\n\t\t\t<div class=\"elementor-widget-wrap elementor-element-populated\">\n\t\t\t\t\t\t<section class=\"elementor-section elementor-inner-section elementor-element elementor-element-2ae357e elementor-section-content-middle animated-slow elementor-section-boxed elementor-section-height-default elementor-section-height-default elementor-invisible\" data-id=\"2ae357e\" data-element_type=\"section\" data-settings=\"{&quot;animation&quot;:&quot;fadeIn&quot;,&quot;animation_delay&quot;:100}\">\n\t\t\t\t\t\t<div class=\"elementor-container elementor-column-gap-default\">\n\t\t\t\t\t<div class=\"elementor-column elementor-col-100 elementor-inner-column elementor-element elementor-element-a16fa76\" data-id=\"a16fa76\" data-element_type=\"column\" data-settings=\"{&quot;background_background&quot;:&quot;classic&quot;}\">\n\t\t\t<div class=\"elementor-widget-wrap elementor-element-populated\">\n\t\t\t\t\t\t<div class=\"elementor-element elementor-element-831fac1 elementor-view-default elementor-widget elementor-widget-icon\" data-id=\"831fac1\" data-element_type=\"widget\" data-widget_type=\"icon.default\">\n\t\t\t\t<div class=\"elementor-widget-container\">\n\t\t\t\t\t\t\t<div class=\"elementor-icon-wrapper\">\n\t\t\t<div class=\"elementor-icon\">\n\t\t\t<svg xmlns=\"http:\/\/www.w3.org\/2000\/svg\" id=\"Layer_2\" viewbox=\"0 0 97.94 97.94\"><defs><style>.cls-1{fill:#fff;stroke-width:0px;}<\/style><\/defs><g id=\"Layer_1-2\"><path class=\"cls-1\" d=\"m48.97,97.94c-9.97,0-19.53-2.97-27.71-8.6l-19.83,7.8,6.98-20.75C2.9,68.27,0,58.81,0,48.97c0-13.08,5.09-25.38,14.34-34.63C23.59,5.09,35.89,0,48.97,0s25.38,5.09,34.63,14.34c9.25,9.25,14.34,21.55,14.34,34.63s-5.09,25.38-14.34,34.63c-9.25,9.25-21.55,14.34-34.63,14.34Zm-27.1-13.53l.97.7c7.65,5.54,16.68,8.47,26.13,8.47,24.6,0,44.61-20.01,44.61-44.61S73.57,4.36,48.97,4.36,4.36,24.37,4.36,48.97c0,9.31,2.85,18.23,8.24,25.81l.64.91-4.7,13.96,13.32-5.24Z\"><\/path><path class=\"cls-1\" d=\"m76.56,61.31c.43.46.62,1.08.52,1.7-.56,3.62-3.73,16.9-19.69,11.25-18.4-6.51-31.7-17.95-35.96-33.21-4.26-15.26,8.02-19.3,10.6-18.4,2.58.9,8.98,12.23,8.08,14.7-.9,2.47-5.22,4.82-5.08,7.43.12,2.21,16.41,18.43,21.04,17.14,3.18-.89,3.51-5.81,6.65-6.37,2.86-.51,11.07,2.83,13.84,5.76Z\"><\/path><\/g><\/svg>\t\t\t<\/div>\n\t\t<\/div>\n\t\t\t\t\t\t<\/div>\n\t\t\t\t<\/div>\n\t\t\t\t<div class=\"elementor-element elementor-element-5e27a4f elementor-widget elementor-widget-heading\" data-id=\"5e27a4f\" data-element_type=\"widget\" data-widget_type=\"heading.default\">\n\t\t\t\t<div class=\"elementor-widget-container\">\n\t\t\t\t\t<h1 class=\"elementor-heading-title elementor-size-default\">GRUPOS DE INTERA\u00c7\u00c3O<\/h1>\t\t\t\t<\/div>\n\t\t\t\t<\/div>\n\t\t\t\t<div class=\"elementor-element elementor-element-15986d9 elementor-widget elementor-widget-text-editor\" data-id=\"15986d9\" data-element_type=\"widget\" data-widget_type=\"text-editor.default\">\n\t\t\t\t<div class=\"elementor-widget-container\">\n\t\t\t\t\t\t\t\t\t<p>A comunidade NAR possui um grupo de WhatsApp que busca reunir pessoas ou organiza\u00e7\u00f5es interessadas em receber informa\u00e7\u00f5es de interesse associadas ao ecossistema regenerativo de neg\u00f3cios de alimentos.<\/p>\t\t\t\t\t\t\t\t<\/div>\n\t\t\t\t<\/div>\n\t\t\t\t\t<\/div>\n\t\t<\/div>\n\t\t\t\t\t<\/div>\n\t\t<\/section>\n\t\t\t\t<div class=\"elementor-element elementor-element-157f38b elementor-widget__width-initial elementor-absolute elementor-widget elementor-widget-heading\" data-id=\"157f38b\" data-element_type=\"widget\" data-settings=\"{&quot;_position&quot;:&quot;absolute&quot;}\" data-widget_type=\"heading.default\">\n\t\t\t\t<div class=\"elementor-widget-container\">\n\t\t\t\t\t<p class=\"elementor-heading-title elementor-size-default\">Hacienda Pasto Vivo da Luxor Agro \u2013 Foto: Bruna Amante<\/p>\t\t\t\t<\/div>\n\t\t\t\t<\/div>\n\t\t\t\t\t<\/div>\n\t\t<\/div>\n\t\t\t\t\t<\/div>\n\t\t<\/section>\n\t\t\t\t<section class=\"elementor-section elementor-top-section elementor-element elementor-element-711321d elementor-section-boxed elementor-section-height-default elementor-section-height-default\" data-id=\"711321d\" data-element_type=\"section\" data-settings=\"{&quot;background_background&quot;:&quot;classic&quot;}\">\n\t\t\t\t\t\t<div class=\"elementor-container elementor-column-gap-default\">\n\t\t\t\t\t<div class=\"elementor-column elementor-col-100 elementor-top-column elementor-element elementor-element-1839f26\" data-id=\"1839f26\" data-element_type=\"column\">\n\t\t\t<div class=\"elementor-widget-wrap elementor-element-populated\">\n\t\t\t\t\t\t<div class=\"elementor-element elementor-element-ce70480 elementor-widget elementor-widget-text-editor\" data-id=\"ce70480\" data-element_type=\"widget\" data-widget_type=\"text-editor.default\">\n\t\t\t\t<div class=\"elementor-widget-container\">\n\t\t\t\t\t\t\t\t\t<p>Somos uma comunidade que aos poucos nos conhecemos e crescemos gradativamente, com sentido de colabora\u00e7\u00e3o, coopera\u00e7\u00e3o e fortalecimento m\u00fatuo. Por enquanto, <span style=\"font-weight: 400;\">arrancamos com um grupo limitado a mensagens enviadas pela administra\u00e7\u00e3o, que ter\u00e1 permiss\u00e3o para enviar informa\u00e7\u00f5es de interesse aos participantes<\/span>.<\/p><p>No futuro, \u00e0 medida que surgirem oportunidades e interesses, esperamos gerar grupos de discuss\u00e3o abertos, <span style=\"font-weight: 400;\">onde n\u00f3s, pessoas usu\u00e1rias e administra\u00e7\u00e3o, poderemos trocar<\/span> experi\u00eancias, opini\u00f5es, reflex\u00f5es, entre outros recursos atrav\u00e9s desta ferramenta.<\/p>\t\t\t\t\t\t\t\t<\/div>\n\t\t\t\t<\/div>\n\t\t\t\t<div class=\"elementor-element elementor-element-08f15fe elementor-align-center elementor-widget elementor-widget-button\" data-id=\"08f15fe\" data-element_type=\"widget\" data-widget_type=\"button.default\">\n\t\t\t\t<div class=\"elementor-widget-container\">\n\t\t\t\t\t\t\t\t\t<div class=\"elementor-button-wrapper\">\n\t\t\t\t\t<a class=\"elementor-button elementor-button-link elementor-size-xl\" href=\"https:\/\/chat.whatsapp.com\/FLR1E8bkEIrHMhtFJm70BX\" target=\"_blank\">\n\t\t\t\t\t\t<span class=\"elementor-button-content-wrapper\">\n\t\t\t\t\t\t\t\t\t<span class=\"elementor-button-text\">Link para acessar a Comunidade NAR<\/span>\n\t\t\t\t\t<\/span>\n\t\t\t\t\t<\/a>\n\t\t\t\t<\/div>\n\t\t\t\t\t\t\t\t<\/div>\n\t\t\t\t<\/div>\n\t\t\t\t<div class=\"elementor-element elementor-element-b9c411d elementor-widget__width-inherit elementor-widget elementor-widget-text-editor\" data-id=\"b9c411d\" data-element_type=\"widget\" data-widget_type=\"text-editor.default\">\n\t\t\t\t<div class=\"elementor-widget-container\">\n\t\t\t\t\t\t\t\t\t<p>A l\u00edngua oficial da Comunidade \u00e9 o espanhol e o portugu\u00eas.<\/p>\t\t\t\t\t\t\t\t<\/div>\n\t\t\t\t<\/div>\n\t\t\t\t\t<\/div>\n\t\t<\/div>\n\t\t\t\t\t<\/div>\n\t\t<\/section>\n\t\t\t\t<\/div>","protected":false},"excerpt":{"rendered":"<p>GRUPOS DE INTERA\u00c7\u00c3O A comunidade NAR possui um grupo de WhatsApp que busca reunir pessoas ou organiza\u00e7\u00f5es interessadas em receber informa\u00e7\u00f5es de interesse associadas ao ecossistema regenerativo de neg\u00f3cios de alimentos. Hacienda Pasto Vivo da Luxor Agro \u2013 Foto: Bruna Amante Somos uma comunidade que est\u00e1 se conhecendo e crescendo gradativamente, com sentido de colabora\u00e7\u00e3o, [\u2026]<\/p>","protected":false},"author":2,"featured_media":0,"parent":6250,"menu_order":0,"comment_status":"closed","ping_status":"closed","template":"elementor_header_footer","meta":{"footnotes":""},"yoast_head":"<!-- This site is optimized with the Yoast SEO plugin v22.7 - https:\/\/yoast.com\/wordpress\/plugins\/seo\/ -->\n<title>Grupos - NAR<\/title>\n<meta name=\"robots\" content=\"index, follow, max-snippet:-1, max-image-preview:large, max-video-preview:-1\" \/>\n<link rel=\"canonical\" href=\"https:\/\/regenerativo.org\/pt\/comunidad\/grupos\/\" \/>\n<meta property=\"og:locale\" content=\"pt_BR\" \/>\n<meta property=\"og:type\" content=\"article\" \/>\n<meta property=\"og:title\" content=\"Grupos - NAR\" \/>\n<meta property=\"og:description\" content=\"GRUPOS DE INTERACCI\u00d3N La comunidad NAR cuenta con un grupo de Whatsapp que busca reunir personas u organizaciones interesadas en recibir informaci\u00f3n de inter\u00e9s asociada al ecosistema de negocios alimentarios regenerativos. Hacienda Pasto Vivo de Luxor Agro &#8211; Foto: Bruna Amante Somos una comunidad que vamos conoci\u00e9ndonos y creciendo paulatinamente, con un sentido de colaboraci\u00f3n, [&hellip;]\" \/>\n<meta property=\"og:url\" content=\"https:\/\/regenerativo.org\/pt\/comunidad\/grupos\/\" \/>\n<meta property=\"og:site_name\" content=\"NAR\" \/>\n<meta property=\"article:modified_time\" content=\"2024-01-25T19:59:06+00:00\" \/>\n<meta name=\"twitter:card\" content=\"summary_large_image\" \/>\n<meta name=\"twitter:label1\" content=\"Est. tempo de leitura\" \/>\n\t<meta name=\"twitter:data1\" content=\"1 minuto\" \/>\n<script type=\"application\/ld+json\" class=\"yoast-schema-graph\">{\"@context\":\"https:\/\/schema.org\",\"@graph\":[{\"@type\":\"WebPage\",\"@id\":\"https:\/\/regenerativo.org\/comunidad\/grupos\/\",\"url\":\"https:\/\/regenerativo.org\/comunidad\/grupos\/\",\"name\":\"Grupos - NAR\",\"isPartOf\":{\"@id\":\"https:\/\/regenerativo.org\/#website\"},\"datePublished\":\"2023-11-27T19:23:45+00:00\",\"dateModified\":\"2024-01-25T19:59:06+00:00\",\"breadcrumb\":{\"@id\":\"https:\/\/regenerativo.org\/comunidad\/grupos\/#breadcrumb\"},\"inLanguage\":\"pt-BR\",\"potentialAction\":[{\"@type\":\"ReadAction\",\"target\":[\"https:\/\/regenerativo.org\/comunidad\/grupos\/\"]}]},{\"@type\":\"BreadcrumbList\",\"@id\":\"https:\/\/regenerativo.org\/comunidad\/grupos\/#breadcrumb\",\"itemListElement\":[{\"@type\":\"ListItem\",\"position\":1,\"name\":\"Home\",\"item\":\"https:\/\/regenerativo.org\/\"},{\"@type\":\"ListItem\",\"position\":2,\"name\":\"Comunidad\",\"item\":\"https:\/\/regenerativo.org\/comunidad\/\"},{\"@type\":\"ListItem\",\"position\":3,\"name\":\"Grupos\"}]},{\"@type\":\"WebSite\",\"@id\":\"https:\/\/regenerativo.org\/#website\",\"url\":\"https:\/\/regenerativo.org\/\",\"name\":\"NAR - Negocios Alimentarios Regenerativos\",\"description\":\"Hub de Conocimiento de Negocios de Alimentos Regenerativos\",\"publisher\":{\"@id\":\"https:\/\/regenerativo.org\/#organization\"},\"potentialAction\":[{\"@type\":\"SearchAction\",\"target\":{\"@type\":\"EntryPoint\",\"urlTemplate\":\"https:\/\/regenerativo.org\/?s={search_term_string}\"},\"query-input\":\"required name=search_term_string\"}],\"inLanguage\":\"pt-BR\"},{\"@type\":\"Organization\",\"@id\":\"https:\/\/regenerativo.org\/#organization\",\"name\":\"NAR - Negocios Alimentarios Regenerativos\",\"url\":\"https:\/\/regenerativo.org\/\",\"logo\":{\"@type\":\"ImageObject\",\"inLanguage\":\"pt-BR\",\"@id\":\"https:\/\/regenerativo.org\/#\/schema\/logo\/image\/\",\"url\":\"http:\/\/regenerativo.org\/wp-content\/uploads\/2023\/07\/nar.jpg\",\"contentUrl\":\"http:\/\/regenerativo.org\/wp-content\/uploads\/2023\/07\/nar.jpg\",\"width\":1671,\"height\":1070,\"caption\":\"NAR - Negocios Alimentarios Regenerativos\"},\"image\":{\"@id\":\"https:\/\/regenerativo.org\/#\/schema\/logo\/image\/\"}}]}<\/script>\n<!-- \/ Yoast SEO plugin. -->","yoast_head_json":{"title":"Grupos - NAR","robots":{"index":"index","follow":"follow","max-snippet":"max-snippet:-1","max-image-preview":"max-image-preview:large","max-video-preview":"max-video-preview:-1"},"canonical":"https:\/\/regenerativo.org\/pt\/comunidad\/grupos\/","og_locale":"pt_BR","og_type":"article","og_title":"Grupos - NAR","og_description":"GRUPOS DE INTERACCI\u00d3N La comunidad NAR cuenta con un grupo de Whatsapp que busca reunir personas u organizaciones interesadas en recibir informaci\u00f3n de inter\u00e9s asociada al ecosistema de negocios alimentarios regenerativos. Hacienda Pasto Vivo de Luxor Agro &#8211; Foto: Bruna Amante Somos una comunidad que vamos conoci\u00e9ndonos y creciendo paulatinamente, con un sentido de colaboraci\u00f3n, [&hellip;]","og_url":"https:\/\/regenerativo.org\/pt\/comunidad\/grupos\/","og_site_name":"NAR","article_modified_time":"2024-01-25T19:59:06+00:00","twitter_card":"summary_large_image","twitter_misc":{"Est. tempo de leitura":"1 minuto"},"schema":{"@context":"https:\/\/schema.org","@graph":[{"@type":"WebPage","@id":"https:\/\/regenerativo.org\/comunidad\/grupos\/","url":"https:\/\/regenerativo.org\/comunidad\/grupos\/","name":"Grupos - NAR","isPartOf":{"@id":"https:\/\/regenerativo.org\/#website"},"datePublished":"2023-11-27T19:23:45+00:00","dateModified":"2024-01-25T19:59:06+00:00","breadcrumb":{"@id":"https:\/\/regenerativo.org\/comunidad\/grupos\/#breadcrumb"},"inLanguage":"pt-BR","potentialAction":[{"@type":"ReadAction","target":["https:\/\/regenerativo.org\/comunidad\/grupos\/"]}]},{"@type":"BreadcrumbList","@id":"https:\/\/regenerativo.org\/comunidad\/grupos\/#breadcrumb","itemListElement":[{"@type":"ListItem","position":1,"name":"Home","item":"https:\/\/regenerativo.org\/"},{"@type":"ListItem","position":2,"name":"Comunidad","item":"https:\/\/regenerativo.org\/comunidad\/"},{"@type":"ListItem","position":3,"name":"Grupos"}]},{"@type":"WebSite","@id":"https:\/\/regenerativo.org\/#website","url":"https:\/\/regenerativo.org\/","name":"NAR - Negocios Alimentarios Regenerativos","description":"Centro de Conhecimento Empresarial de Alimentos Regenerativos","publisher":{"@id":"https:\/\/regenerativo.org\/#organization"},"potentialAction":[{"@type":"SearchAction","target":{"@type":"EntryPoint","urlTemplate":"https:\/\/regenerativo.org\/?s={search_term_string}"},"query-input":"required name=search_term_string"}],"inLanguage":"pt-BR"},{"@type":"Organization","@id":"https:\/\/regenerativo.org\/#organization","name":"NAR - Negocios Alimentarios Regenerativos","url":"https:\/\/regenerativo.org\/","logo":{"@type":"ImageObject","inLanguage":"pt-BR","@id":"https:\/\/regenerativo.org\/#\/schema\/logo\/image\/","url":"http:\/\/regenerativo.org\/wp-content\/uploads\/2023\/07\/nar.jpg","contentUrl":"http:\/\/regenerativo.org\/wp-content\/uploads\/2023\/07\/nar.jpg","width":1671,"height":1070,"caption":"NAR - Negocios Alimentarios Regenerativos"},"image":{"@id":"https:\/\/regenerativo.org\/#\/schema\/logo\/image\/"}}]}},"_links":{"self":[{"href":"https:\/\/regenerativo.org\/pt\/wp-json\/wp\/v2\/pages\/6260"}],"collection":[{"href":"https:\/\/regenerativo.org\/pt\/wp-json\/wp\/v2\/pages"}],"about":[{"href":"https:\/\/regenerativo.org\/pt\/wp-json\/wp\/v2\/types\/page"}],"author":[{"embeddable":true,"href":"https:\/\/regenerativo.org\/pt\/wp-json\/wp\/v2\/users\/2"}],"replies":[{"embeddable":true,"href":"https:\/\/regenerativo.org\/pt\/wp-json\/wp\/v2\/comments?post=6260"}],"version-history":[{"count":76,"href":"https:\/\/regenerativo.org\/pt\/wp-json\/wp\/v2\/pages\/6260\/revisions"}],"predecessor-version":[{"id":7914,"href":"https:\/\/regenerativo.org\/pt\/wp-json\/wp\/v2\/pages\/6260\/revisions\/7914"}],"up":[{"embeddable":true,"href":"https:\/\/regenerativo.org\/pt\/wp-json\/wp\/v2\/pages\/6250"}],"wp:attachment":[{"href":"https:\/\/regenerativo.org\/pt\/wp-json\/wp\/v2\/media?parent=6260"}],"curies":[{"name":"wp","href":"https:\/\/api.w.org\/{rel}","templated":true}]}}