{"id":6262,"date":"2023-11-27T13:24:04","date_gmt":"2023-11-27T19:24:04","guid":{"rendered":"https:\/\/regenerativo.org\/?page_id=6262"},"modified":"2024-01-25T14:05:40","modified_gmt":"2024-01-25T20:05:40","slug":"encuestas","status":"publish","type":"page","link":"https:\/\/regenerativo.org\/pt\/comunidad\/encuestas\/","title":{"rendered":"Enquetes"},"content":{"rendered":"<div data-elementor-type=\"wp-page\" data-elementor-id=\"6262\" class=\"elementor elementor-6262\" data-elementor-post-type=\"page\">\n\t\t\t\t\t\t<section class=\"elementor-section elementor-top-section elementor-element elementor-element-626e550 elementor-section-full_width elementor-section-height-default elementor-section-height-default\" data-id=\"626e550\" data-element_type=\"section\" data-settings=\"{&quot;background_background&quot;:&quot;classic&quot;}\">\n\t\t\t\t\t\t\t<div class=\"elementor-background-overlay\"><\/div>\n\t\t\t\t\t\t\t<div class=\"elementor-container elementor-column-gap-default\">\n\t\t\t\t\t<div class=\"elementor-column elementor-col-100 elementor-top-column elementor-element elementor-element-6e71328\" data-id=\"6e71328\" data-element_type=\"column\">\n\t\t\t<div class=\"elementor-widget-wrap elementor-element-populated\">\n\t\t\t\t\t\t<section class=\"elementor-section elementor-inner-section elementor-element elementor-element-dbd9c7a elementor-section-content-middle animated-slow elementor-section-boxed elementor-section-height-default elementor-section-height-default elementor-invisible\" data-id=\"dbd9c7a\" data-element_type=\"section\" data-settings=\"{&quot;animation&quot;:&quot;fadeIn&quot;,&quot;animation_delay&quot;:100}\">\n\t\t\t\t\t\t<div class=\"elementor-container elementor-column-gap-default\">\n\t\t\t\t\t<div class=\"elementor-column elementor-col-100 elementor-inner-column elementor-element elementor-element-c2815ee\" data-id=\"c2815ee\" data-element_type=\"column\" data-settings=\"{&quot;background_background&quot;:&quot;classic&quot;}\">\n\t\t\t<div class=\"elementor-widget-wrap elementor-element-populated\">\n\t\t\t\t\t\t<div class=\"elementor-element elementor-element-32679e5 elementor-view-default elementor-widget elementor-widget-icon\" data-id=\"32679e5\" data-element_type=\"widget\" data-widget_type=\"icon.default\">\n\t\t\t\t<div class=\"elementor-widget-container\">\n\t\t\t\t\t\t\t<div class=\"elementor-icon-wrapper\">\n\t\t\t<div class=\"elementor-icon\">\n\t\t\t<svg xmlns=\"http:\/\/www.w3.org\/2000\/svg\" id=\"Layer_2\" viewbox=\"0 0 53.16 60\"><defs><style>.cls-1{fill:#fff;fill-rule:evenodd;stroke-width:0px;}<\/style><\/defs><g id=\"Layer_1-2\"><path class=\"cls-1\" d=\"m20.28,27.48c0,3.71-3.04,6.72-6.78,6.72s-6.78-3.01-6.78-6.72,3.04-6.72,6.78-6.72,6.78,3.01,6.78,6.72h0Z\"><\/path><path class=\"cls-1\" d=\"m45,60v-6.72c.03-1.06-.48-2.07-1.35-2.69-1.94-1.51-4.2-2.58-6.6-3.14-1.8-.54-3.67-.84-5.55-.9-1.89,0-3.76.31-5.55.9-2.37.65-4.6,1.71-6.6,3.14-.85.64-1.35,1.63-1.35,2.69v6.72h27Z\"><\/path><path class=\"cls-1\" d=\"m38.28,37.98c0,3.74-3.04,6.78-6.78,6.78s-6.78-3.04-6.78-6.78,3.04-6.78,6.78-6.78,6.78,3.04,6.78,6.78h0Z\"><\/path><path class=\"cls-1\" d=\"m17.57,48.2h0c2.11-1.51,4.44-2.68,6.91-3.47-1.71-1.79-2.67-4.16-2.7-6.63v-.3c-.88-.37-1.78-.67-2.7-.9-1.8-.54-3.67-.85-5.56-.9-1.89,0-3.76.31-5.56.9-2.35.72-4.58,1.78-6.61,3.16C.48,40.69-.03,41.71,0,42.78v6.78h16.22c.37-.52.83-.98,1.35-1.36h0Z\"><\/path><path class=\"cls-1\" d=\"m51.59,0h-28.31c-.87,0-1.56.72-1.56,1.59v19.37c-.02.87.67,1.59,1.54,1.61,0,0,.01,0,.02,0h4.5v6.35l6.21-6.35h17.6c.87,0,1.57-.72,1.57-1.59V1.59c0-.87-.7-1.58-1.57-1.59h0Zm-14.29,19.75c-.92,0-1.66-.75-1.66-1.67,0-.92.75-1.67,1.66-1.67.91,0,1.65.73,1.66,1.65.02.92-.71,1.68-1.63,1.69-.01,0-.03,0-.04,0h0Zm1.07-6.88v2.37h-2.14v-4.43h1.06c1.86,0,3.06-1.09,3.06-2.77.03-1.66-1.29-3.03-2.94-3.06-.04,0-.08,0-.11,0-1.54-.14-2.91.99-3.05,2.54-.02.17-.02.35,0,.52v.19h-2.14v-.19c-.16-2.72,1.9-5.05,4.61-5.21.19-.01.39-.01.58,0,2.84-.03,5.16,2.25,5.2,5.09,0,.04,0,.08,0,.12.07,2.44-1.71,4.53-4.12,4.83h0Z\"><\/path><\/g><\/svg>\t\t\t<\/div>\n\t\t<\/div>\n\t\t\t\t\t\t<\/div>\n\t\t\t\t<\/div>\n\t\t\t\t<div class=\"elementor-element elementor-element-ddfc805 elementor-widget elementor-widget-heading\" data-id=\"ddfc805\" data-element_type=\"widget\" data-widget_type=\"heading.default\">\n\t\t\t\t<div class=\"elementor-widget-container\">\n\t\t\t\t\t<h1 class=\"elementor-heading-title elementor-size-default\">Enquetes<\/h1>\t\t\t\t<\/div>\n\t\t\t\t<\/div>\n\t\t\t\t<div class=\"elementor-element elementor-element-4a04774 elementor-widget elementor-widget-text-editor\" data-id=\"4a04774\" data-element_type=\"widget\" data-widget_type=\"text-editor.default\">\n\t\t\t\t<div class=\"elementor-widget-container\">\n\t\t\t\t\t\t\t\t\t<p><span style=\"font-weight: 400;\">As pesquisas s\u00e3o uma forma interativa de compreender melhor a opini\u00e3o da comunidade NAR sobre diferentes t\u00f3picos relacionados aos neg\u00f3cios alimentares regenerativos. A sua participa\u00e7\u00e3o responde \u00e0 curiosidade n\u00e3o s\u00f3 do Cons\u00f3rcio NAR sobre a sua opini\u00e3o, mas tamb\u00e9m das pessoas usu\u00e1rias e a quem esta informa\u00e7\u00e3o pode ser \u00fatil.<\/span><\/p>\t\t\t\t\t\t\t\t<\/div>\n\t\t\t\t<\/div>\n\t\t\t\t\t<\/div>\n\t\t<\/div>\n\t\t\t\t\t<\/div>\n\t\t<\/section>\n\t\t\t\t<div class=\"elementor-element elementor-element-7635ebc elementor-widget__width-initial elementor-absolute elementor-widget elementor-widget-heading\" data-id=\"7635ebc\" data-element_type=\"widget\" data-settings=\"{&quot;_position&quot;:&quot;absolute&quot;}\" data-widget_type=\"heading.default\">\n\t\t\t\t<div class=\"elementor-widget-container\">\n\t\t\t\t\t<p class=\"elementor-heading-title elementor-size-default\">Hacienda las Im\u00e1genes (Fazenda as Imagens) - foto: Max Yamauchi<\/p>\t\t\t\t<\/div>\n\t\t\t\t<\/div>\n\t\t\t\t\t<\/div>\n\t\t<\/div>\n\t\t\t\t\t<\/div>\n\t\t<\/section>\n\t\t\t\t<section class=\"elementor-section elementor-top-section elementor-element elementor-element-51c7c83 elementor-section-height-min-height elementor-section-items-stretch elementor-section-boxed elementor-section-height-default\" data-id=\"51c7c83\" data-element_type=\"section\" data-settings=\"{&quot;background_background&quot;:&quot;classic&quot;}\">\n\t\t\t\t\t\t<div class=\"elementor-container elementor-column-gap-default\">\n\t\t\t\t\t<div class=\"elementor-column elementor-col-50 elementor-top-column elementor-element elementor-element-34b7ded\" data-id=\"34b7ded\" data-element_type=\"column\">\n\t\t\t<div class=\"elementor-widget-wrap elementor-element-populated\">\n\t\t\t\t\t\t<section class=\"elementor-section elementor-inner-section elementor-element elementor-element-eda0ce9 elementor-section-height-min-height elementor-section-boxed elementor-section-height-default\" data-id=\"eda0ce9\" data-element_type=\"section\" data-settings=\"{&quot;background_background&quot;:&quot;classic&quot;}\">\n\t\t\t\t\t\t<div class=\"elementor-container elementor-column-gap-default\">\n\t\t\t\t\t<div class=\"elementor-column elementor-col-100 elementor-inner-column elementor-element elementor-element-358d805\" data-id=\"358d805\" data-element_type=\"column\">\n\t\t\t<div class=\"elementor-widget-wrap elementor-element-populated\">\n\t\t\t\t\t\t<div class=\"elementor-element elementor-element-31a2997 elementor-widget elementor-widget-shortcode\" data-id=\"31a2997\" data-element_type=\"widget\" data-widget_type=\"shortcode.default\">\n\t\t\t\t<div class=\"elementor-widget-container\">\n\t\t\t\t\t\t\t<div class=\"elementor-shortcode\"><div class='bootstrap-yop yop-poll-mc'>\n\t\t\t\t\t\t\t<div class=\"yop-poll-container\" data-id=\"2\" data-ajax=\"1\" data-tid=\"\" data-pid=\"6262\" data-show-results-only=\"false\"><\/div>\n\t\t\t\t\t\t<\/div><\/div>\n\t\t\t\t\t\t<\/div>\n\t\t\t\t<\/div>\n\t\t\t\t<div class=\"elementor-element elementor-element-ef712f9 elementor-widget elementor-widget-text-editor\" data-id=\"ef712f9\" data-element_type=\"widget\" data-widget_type=\"text-editor.default\">\n\t\t\t\t<div class=\"elementor-widget-container\">\n\t\t\t\t\t\t\t\t\t<p>Entendemos que a abordagem de g\u00eanero procura garantir o espa\u00e7o de direito, acesso e controle, independentemente do sexo ou g\u00eanero das pessoas.<\/p>\t\t\t\t\t\t\t\t<\/div>\n\t\t\t\t<\/div>\n\t\t\t\t\t<\/div>\n\t\t<\/div>\n\t\t\t\t\t<\/div>\n\t\t<\/section>\n\t\t\t\t\t<\/div>\n\t\t<\/div>\n\t\t\t\t<div class=\"elementor-column elementor-col-50 elementor-top-column elementor-element elementor-element-782855f\" data-id=\"782855f\" data-element_type=\"column\">\n\t\t\t<div class=\"elementor-widget-wrap elementor-element-populated\">\n\t\t\t\t\t\t<section class=\"elementor-section elementor-inner-section elementor-element elementor-element-7c8aebc elementor-section-height-min-height elementor-section-boxed elementor-section-height-default\" data-id=\"7c8aebc\" data-element_type=\"section\" data-settings=\"{&quot;background_background&quot;:&quot;classic&quot;}\">\n\t\t\t\t\t\t<div class=\"elementor-container elementor-column-gap-default\">\n\t\t\t\t\t<div class=\"elementor-column elementor-col-100 elementor-inner-column elementor-element elementor-element-e488c3c\" data-id=\"e488c3c\" data-element_type=\"column\">\n\t\t\t<div class=\"elementor-widget-wrap elementor-element-populated\">\n\t\t\t\t\t\t<div class=\"elementor-element elementor-element-14b87f1 elementor-widget elementor-widget-shortcode\" data-id=\"14b87f1\" data-element_type=\"widget\" data-widget_type=\"shortcode.default\">\n\t\t\t\t<div class=\"elementor-widget-container\">\n\t\t\t\t\t\t\t<div class=\"elementor-shortcode\"><div class='bootstrap-yop yop-poll-mc'>\n\t\t\t\t\t\t\t<div class=\"yop-poll-container\" data-id=\"6\" data-ajax=\"1\" data-tid=\"\" data-pid=\"6262\" data-show-results-only=\"false\"><\/div>\n\t\t\t\t\t\t<\/div><\/div>\n\t\t\t\t\t\t<\/div>\n\t\t\t\t<\/div>\n\t\t\t\t\t<\/div>\n\t\t<\/div>\n\t\t\t\t\t<\/div>\n\t\t<\/section>\n\t\t\t\t\t<\/div>\n\t\t<\/div>\n\t\t\t\t\t<\/div>\n\t\t<\/section>\n\t\t\t\t<section class=\"elementor-section elementor-top-section elementor-element elementor-element-738dd6b elementor-section-boxed elementor-section-height-default elementor-section-height-default\" data-id=\"738dd6b\" data-element_type=\"section\" data-settings=\"{&quot;background_background&quot;:&quot;classic&quot;}\">\n\t\t\t\t\t\t<div class=\"elementor-container elementor-column-gap-default\">\n\t\t\t\t\t<div class=\"elementor-column elementor-col-50 elementor-top-column elementor-element elementor-element-4b4590f\" data-id=\"4b4590f\" data-element_type=\"column\">\n\t\t\t<div class=\"elementor-widget-wrap elementor-element-populated\">\n\t\t\t\t\t\t<section class=\"elementor-section elementor-inner-section elementor-element elementor-element-6b80b6a elementor-section-height-min-height elementor-section-boxed elementor-section-height-default\" data-id=\"6b80b6a\" data-element_type=\"section\" data-settings=\"{&quot;background_background&quot;:&quot;classic&quot;}\">\n\t\t\t\t\t\t<div class=\"elementor-container elementor-column-gap-default\">\n\t\t\t\t\t<div class=\"elementor-column elementor-col-100 elementor-inner-column elementor-element elementor-element-fc05f1b\" data-id=\"fc05f1b\" data-element_type=\"column\">\n\t\t\t<div class=\"elementor-widget-wrap elementor-element-populated\">\n\t\t\t\t\t\t<div class=\"elementor-element elementor-element-294ea17 elementor-widget elementor-widget-shortcode\" data-id=\"294ea17\" data-element_type=\"widget\" data-widget_type=\"shortcode.default\">\n\t\t\t\t<div class=\"elementor-widget-container\">\n\t\t\t\t\t\t\t<div class=\"elementor-shortcode\"><div class='bootstrap-yop yop-poll-mc'>\n\t\t\t\t\t\t\t<div class=\"yop-poll-container\" data-id=\"7\" data-ajax=\"1\" data-tid=\"\" data-pid=\"6262\" data-show-results-only=\"false\"><\/div>\n\t\t\t\t\t\t<\/div><\/div>\n\t\t\t\t\t\t<\/div>\n\t\t\t\t<\/div>\n\t\t\t\t\t<\/div>\n\t\t<\/div>\n\t\t\t\t\t<\/div>\n\t\t<\/section>\n\t\t\t\t\t<\/div>\n\t\t<\/div>\n\t\t\t\t<div class=\"elementor-column elementor-col-50 elementor-top-column elementor-element elementor-element-751871a\" data-id=\"751871a\" data-element_type=\"column\">\n\t\t\t<div class=\"elementor-widget-wrap elementor-element-populated\">\n\t\t\t\t\t\t<section class=\"elementor-section elementor-inner-section elementor-element elementor-element-156601d elementor-section-height-min-height elementor-section-boxed elementor-section-height-default\" data-id=\"156601d\" data-element_type=\"section\" data-settings=\"{&quot;background_background&quot;:&quot;classic&quot;}\">\n\t\t\t\t\t\t<div class=\"elementor-container elementor-column-gap-default\">\n\t\t\t\t\t<div class=\"elementor-column elementor-col-100 elementor-inner-column elementor-element elementor-element-43ff5e4\" data-id=\"43ff5e4\" data-element_type=\"column\">\n\t\t\t<div class=\"elementor-widget-wrap elementor-element-populated\">\n\t\t\t\t\t\t<div class=\"elementor-element elementor-element-8b1023b elementor-widget elementor-widget-shortcode\" data-id=\"8b1023b\" data-element_type=\"widget\" data-widget_type=\"shortcode.default\">\n\t\t\t\t<div class=\"elementor-widget-container\">\n\t\t\t\t\t\t\t<div class=\"elementor-shortcode\"><div class='bootstrap-yop yop-poll-mc'>\n\t\t\t\t\t\t\t<div class=\"yop-poll-container\" data-id=\"8\" data-ajax=\"1\" data-tid=\"\" data-pid=\"6262\" data-show-results-only=\"false\"><\/div>\n\t\t\t\t\t\t<\/div><\/div>\n\t\t\t\t\t\t<\/div>\n\t\t\t\t<\/div>\n\t\t\t\t\t<\/div>\n\t\t<\/div>\n\t\t\t\t\t<\/div>\n\t\t<\/section>\n\t\t\t\t\t<\/div>\n\t\t<\/div>\n\t\t\t\t\t<\/div>\n\t\t<\/section>\n\t\t\t\t<\/div>","protected":false},"excerpt":{"rendered":"<p>Pesquisas As pesquisas s\u00e3o uma forma interativa de entender melhor a opini\u00e3o da comunidade NAR sobre diferentes t\u00f3picos relacionados aos neg\u00f3cios de alimentos regenerativos. A sua participa\u00e7\u00e3o responde \u00e0 curiosidade n\u00e3o s\u00f3 do Cons\u00f3rcio NAR sobre a sua opini\u00e3o, mas tamb\u00e9m dos utilizadores a quem esta informa\u00e7\u00e3o pode ser \u00fatil. Fazendo as imagens [\u2026]<\/p>","protected":false},"author":2,"featured_media":0,"parent":6250,"menu_order":0,"comment_status":"closed","ping_status":"closed","template":"elementor_header_footer","meta":{"footnotes":""},"yoast_head":"<!-- This site is optimized with the Yoast SEO plugin v22.7 - https:\/\/yoast.com\/wordpress\/plugins\/seo\/ -->\n<title>Encuestas - NAR<\/title>\n<meta name=\"robots\" content=\"index, follow, max-snippet:-1, max-image-preview:large, max-video-preview:-1\" \/>\n<link rel=\"canonical\" href=\"https:\/\/regenerativo.org\/pt\/comunidad\/encuestas\/\" \/>\n<meta property=\"og:locale\" content=\"pt_BR\" \/>\n<meta property=\"og:type\" content=\"article\" \/>\n<meta property=\"og:title\" content=\"Encuestas - NAR\" \/>\n<meta property=\"og:description\" content=\"Encuestas Las encuestas son una manera interactiva de conocer mejor la opini\u00f3n de la comunidad NAR acerca de diferentes temas relacionados a los negocios alimentarios regenerativos. Su participaci\u00f3n atiende a la curiosidad no solo del Consorcio NAR acerca de su opini\u00f3n pero tambi\u00e9n de personas usuarias a quienes puede servir esta informaci\u00f3n. Hacienda las ima\u0301genes [&hellip;]\" \/>\n<meta property=\"og:url\" content=\"https:\/\/regenerativo.org\/pt\/comunidad\/encuestas\/\" \/>\n<meta property=\"og:site_name\" content=\"NAR\" \/>\n<meta property=\"article:modified_time\" content=\"2024-01-25T20:05:40+00:00\" \/>\n<meta name=\"twitter:card\" content=\"summary_large_image\" \/>\n<meta name=\"twitter:label1\" content=\"Est. tempo de leitura\" \/>\n\t<meta name=\"twitter:data1\" content=\"1 minuto\" \/>\n<script type=\"application\/ld+json\" class=\"yoast-schema-graph\">{\"@context\":\"https:\/\/schema.org\",\"@graph\":[{\"@type\":\"WebPage\",\"@id\":\"https:\/\/regenerativo.org\/comunidad\/encuestas\/\",\"url\":\"https:\/\/regenerativo.org\/comunidad\/encuestas\/\",\"name\":\"Encuestas - NAR\",\"isPartOf\":{\"@id\":\"https:\/\/regenerativo.org\/#website\"},\"datePublished\":\"2023-11-27T19:24:04+00:00\",\"dateModified\":\"2024-01-25T20:05:40+00:00\",\"breadcrumb\":{\"@id\":\"https:\/\/regenerativo.org\/comunidad\/encuestas\/#breadcrumb\"},\"inLanguage\":\"pt-BR\",\"potentialAction\":[{\"@type\":\"ReadAction\",\"target\":[\"https:\/\/regenerativo.org\/comunidad\/encuestas\/\"]}]},{\"@type\":\"BreadcrumbList\",\"@id\":\"https:\/\/regenerativo.org\/comunidad\/encuestas\/#breadcrumb\",\"itemListElement\":[{\"@type\":\"ListItem\",\"position\":1,\"name\":\"Home\",\"item\":\"https:\/\/regenerativo.org\/\"},{\"@type\":\"ListItem\",\"position\":2,\"name\":\"Comunidad\",\"item\":\"https:\/\/regenerativo.org\/comunidad\/\"},{\"@type\":\"ListItem\",\"position\":3,\"name\":\"Encuestas\"}]},{\"@type\":\"WebSite\",\"@id\":\"https:\/\/regenerativo.org\/#website\",\"url\":\"https:\/\/regenerativo.org\/\",\"name\":\"NAR - Negocios Alimentarios Regenerativos\",\"description\":\"Hub de Conocimiento de Negocios de Alimentos Regenerativos\",\"publisher\":{\"@id\":\"https:\/\/regenerativo.org\/#organization\"},\"potentialAction\":[{\"@type\":\"SearchAction\",\"target\":{\"@type\":\"EntryPoint\",\"urlTemplate\":\"https:\/\/regenerativo.org\/?s={search_term_string}\"},\"query-input\":\"required name=search_term_string\"}],\"inLanguage\":\"pt-BR\"},{\"@type\":\"Organization\",\"@id\":\"https:\/\/regenerativo.org\/#organization\",\"name\":\"NAR - Negocios Alimentarios Regenerativos\",\"url\":\"https:\/\/regenerativo.org\/\",\"logo\":{\"@type\":\"ImageObject\",\"inLanguage\":\"pt-BR\",\"@id\":\"https:\/\/regenerativo.org\/#\/schema\/logo\/image\/\",\"url\":\"http:\/\/regenerativo.org\/wp-content\/uploads\/2023\/07\/nar.jpg\",\"contentUrl\":\"http:\/\/regenerativo.org\/wp-content\/uploads\/2023\/07\/nar.jpg\",\"width\":1671,\"height\":1070,\"caption\":\"NAR - Negocios Alimentarios Regenerativos\"},\"image\":{\"@id\":\"https:\/\/regenerativo.org\/#\/schema\/logo\/image\/\"}}]}<\/script>\n<!-- \/ Yoast SEO plugin. -->","yoast_head_json":{"title":"Encuestas - NAR","robots":{"index":"index","follow":"follow","max-snippet":"max-snippet:-1","max-image-preview":"max-image-preview:large","max-video-preview":"max-video-preview:-1"},"canonical":"https:\/\/regenerativo.org\/pt\/comunidad\/encuestas\/","og_locale":"pt_BR","og_type":"article","og_title":"Encuestas - NAR","og_description":"Encuestas Las encuestas son una manera interactiva de conocer mejor la opini\u00f3n de la comunidad NAR acerca de diferentes temas relacionados a los negocios alimentarios regenerativos. Su participaci\u00f3n atiende a la curiosidad no solo del Consorcio NAR acerca de su opini\u00f3n pero tambi\u00e9n de personas usuarias a quienes puede servir esta informaci\u00f3n. Hacienda las ima\u0301genes [&hellip;]","og_url":"https:\/\/regenerativo.org\/pt\/comunidad\/encuestas\/","og_site_name":"NAR","article_modified_time":"2024-01-25T20:05:40+00:00","twitter_card":"summary_large_image","twitter_misc":{"Est. tempo de leitura":"1 minuto"},"schema":{"@context":"https:\/\/schema.org","@graph":[{"@type":"WebPage","@id":"https:\/\/regenerativo.org\/comunidad\/encuestas\/","url":"https:\/\/regenerativo.org\/comunidad\/encuestas\/","name":"Encuestas - NAR","isPartOf":{"@id":"https:\/\/regenerativo.org\/#website"},"datePublished":"2023-11-27T19:24:04+00:00","dateModified":"2024-01-25T20:05:40+00:00","breadcrumb":{"@id":"https:\/\/regenerativo.org\/comunidad\/encuestas\/#breadcrumb"},"inLanguage":"pt-BR","potentialAction":[{"@type":"ReadAction","target":["https:\/\/regenerativo.org\/comunidad\/encuestas\/"]}]},{"@type":"BreadcrumbList","@id":"https:\/\/regenerativo.org\/comunidad\/encuestas\/#breadcrumb","itemListElement":[{"@type":"ListItem","position":1,"name":"Home","item":"https:\/\/regenerativo.org\/"},{"@type":"ListItem","position":2,"name":"Comunidad","item":"https:\/\/regenerativo.org\/comunidad\/"},{"@type":"ListItem","position":3,"name":"Encuestas"}]},{"@type":"WebSite","@id":"https:\/\/regenerativo.org\/#website","url":"https:\/\/regenerativo.org\/","name":"NAR - Negocios Alimentarios Regenerativos","description":"Centro de Conhecimento Empresarial de Alimentos Regenerativos","publisher":{"@id":"https:\/\/regenerativo.org\/#organization"},"potentialAction":[{"@type":"SearchAction","target":{"@type":"EntryPoint","urlTemplate":"https:\/\/regenerativo.org\/?s={search_term_string}"},"query-input":"required name=search_term_string"}],"inLanguage":"pt-BR"},{"@type":"Organization","@id":"https:\/\/regenerativo.org\/#organization","name":"NAR - Negocios Alimentarios Regenerativos","url":"https:\/\/regenerativo.org\/","logo":{"@type":"ImageObject","inLanguage":"pt-BR","@id":"https:\/\/regenerativo.org\/#\/schema\/logo\/image\/","url":"http:\/\/regenerativo.org\/wp-content\/uploads\/2023\/07\/nar.jpg","contentUrl":"http:\/\/regenerativo.org\/wp-content\/uploads\/2023\/07\/nar.jpg","width":1671,"height":1070,"caption":"NAR - Negocios Alimentarios Regenerativos"},"image":{"@id":"https:\/\/regenerativo.org\/#\/schema\/logo\/image\/"}}]}},"_links":{"self":[{"href":"https:\/\/regenerativo.org\/pt\/wp-json\/wp\/v2\/pages\/6262"}],"collection":[{"href":"https:\/\/regenerativo.org\/pt\/wp-json\/wp\/v2\/pages"}],"about":[{"href":"https:\/\/regenerativo.org\/pt\/wp-json\/wp\/v2\/types\/page"}],"author":[{"embeddable":true,"href":"https:\/\/regenerativo.org\/pt\/wp-json\/wp\/v2\/users\/2"}],"replies":[{"embeddable":true,"href":"https:\/\/regenerativo.org\/pt\/wp-json\/wp\/v2\/comments?post=6262"}],"version-history":[{"count":178,"href":"https:\/\/regenerativo.org\/pt\/wp-json\/wp\/v2\/pages\/6262\/revisions"}],"predecessor-version":[{"id":7920,"href":"https:\/\/regenerativo.org\/pt\/wp-json\/wp\/v2\/pages\/6262\/revisions\/7920"}],"up":[{"embeddable":true,"href":"https:\/\/regenerativo.org\/pt\/wp-json\/wp\/v2\/pages\/6250"}],"wp:attachment":[{"href":"https:\/\/regenerativo.org\/pt\/wp-json\/wp\/v2\/media?parent=6262"}],"curies":[{"name":"wp","href":"https:\/\/api.w.org\/{rel}","templated":true}]}}