{"id":8280,"date":"2024-09-02T08:10:47","date_gmt":"2024-09-02T14:10:47","guid":{"rendered":"https:\/\/regenerativo.org\/?page_id=8280"},"modified":"2025-01-17T15:19:15","modified_gmt":"2025-01-17T21:19:15","slug":"webinars","status":"publish","type":"page","link":"https:\/\/regenerativo.org\/pt\/webinars\/","title":{"rendered":"WebiNARs"},"content":{"rendered":"<div data-elementor-type=\"wp-page\" data-elementor-id=\"8280\" class=\"elementor elementor-8280\" data-elementor-post-type=\"page\">\n\t\t\t\t\t\t<section class=\"elementor-section elementor-top-section elementor-element elementor-element-81b5502 elementor-section-height-min-height elementor-section-boxed elementor-section-height-default elementor-section-items-middle\" data-id=\"81b5502\" data-element_type=\"section\">\n\t\t\t\t\t\t\t<div class=\"elementor-background-overlay\"><\/div>\n\t\t\t\t\t\t\t<div class=\"elementor-container elementor-column-gap-default\">\n\t\t\t\t\t<div class=\"elementor-column elementor-col-100 elementor-top-column elementor-element elementor-element-e29f954\" data-id=\"e29f954\" data-element_type=\"column\">\n\t\t\t<div class=\"elementor-widget-wrap elementor-element-populated\">\n\t\t\t\t\t\t<section class=\"elementor-section elementor-inner-section elementor-element elementor-element-9ba49ff elementor-section-content-middle animated-slow elementor-section-boxed elementor-section-height-default elementor-section-height-default elementor-invisible\" data-id=\"9ba49ff\" data-element_type=\"section\" data-settings=\"{&quot;background_background&quot;:&quot;classic&quot;,&quot;animation&quot;:&quot;fadeIn&quot;,&quot;animation_delay&quot;:10}\">\n\t\t\t\t\t\t<div class=\"elementor-container elementor-column-gap-default\">\n\t\t\t\t\t<div class=\"elementor-column elementor-col-100 elementor-inner-column elementor-element elementor-element-a64f1fb\" data-id=\"a64f1fb\" data-element_type=\"column\">\n\t\t\t<div class=\"elementor-widget-wrap elementor-element-populated\">\n\t\t\t\t\t\t<div class=\"elementor-element elementor-element-be731b0 elementor-widget elementor-widget-heading\" data-id=\"be731b0\" data-element_type=\"widget\" data-widget_type=\"heading.default\">\n\t\t\t\t<div class=\"elementor-widget-container\">\n\t\t\t\t\t<h1 class=\"elementor-heading-title elementor-size-default\">WebiNARs <\/h1>\t\t\t\t<\/div>\n\t\t\t\t<\/div>\n\t\t\t\t<div class=\"elementor-element elementor-element-f06ea5d elementor-widget-mobile__width-initial elementor-widget__width-initial elementor-widget elementor-widget-text-editor\" data-id=\"f06ea5d\" data-element_type=\"widget\" data-widget_type=\"text-editor.default\">\n\t\t\t\t<div class=\"elementor-widget-container\">\n\t\t\t\t\t\t\t\t\t<p><span style=\"font-weight: 400;\">Aceda aos v\u00eddeos dos Webinars promovidos pelo Cons\u00f3rcio NAR, sobre temas de grande relev\u00e2ncia que ajudam a evoluir a nossa vis\u00e3o cr\u00edtica para uma abordagem regenerativa dos sistemas alimentares. Nestes eventos h\u00e1 empresas e atores que trazem diferentes pontos de vista e discuss\u00f5es valiosas.<\/span><\/p>\t\t\t\t\t\t\t\t<\/div>\n\t\t\t\t<\/div>\n\t\t\t\t\t<\/div>\n\t\t<\/div>\n\t\t\t\t\t<\/div>\n\t\t<\/section>\n\t\t\t\t\t<\/div>\n\t\t<\/div>\n\t\t\t\t\t<\/div>\n\t\t<\/section>\n\t\t\t\t<section class=\"elementor-section elementor-top-section elementor-element elementor-element-36ce4fa elementor-section-content-middle elementor-section-boxed elementor-section-height-default elementor-section-height-default\" data-id=\"36ce4fa\" data-element_type=\"section\" data-settings=\"{&quot;background_background&quot;:&quot;classic&quot;}\">\n\t\t\t\t\t\t<div class=\"elementor-container elementor-column-gap-default\">\n\t\t\t\t\t<div class=\"elementor-column elementor-col-50 elementor-top-column elementor-element elementor-element-7f1252b\" data-id=\"7f1252b\" data-element_type=\"column\">\n\t\t\t<div class=\"elementor-widget-wrap elementor-element-populated\">\n\t\t\t\t\t\t<div class=\"elementor-element elementor-element-6eadf86 elementor-widget elementor-widget-heading\" data-id=\"6eadf86\" data-element_type=\"widget\" data-widget_type=\"heading.default\">\n\t\t\t\t<div class=\"elementor-widget-container\">\n\t\t\t\t\t<h2 class=\"elementor-heading-title elementor-size-default\">V\u00eddeo 1<\/h2>\t\t\t\t<\/div>\n\t\t\t\t<\/div>\n\t\t\t\t<div class=\"elementor-element elementor-element-3732477 elementor-widget elementor-widget-heading\" data-id=\"3732477\" data-element_type=\"widget\" data-widget_type=\"heading.default\">\n\t\t\t\t<div class=\"elementor-widget-container\">\n\t\t\t\t\t<h2 class=\"elementor-heading-title elementor-size-default\">Igualdade de g\u00e9nero como abordagem regenerativa nas empresas alimentares: desafios e ferramentas<\/h2>\t\t\t\t<\/div>\n\t\t\t\t<\/div>\n\t\t\t\t\t<\/div>\n\t\t<\/div>\n\t\t\t\t<div class=\"elementor-column elementor-col-50 elementor-top-column elementor-element elementor-element-22d83f2\" data-id=\"22d83f2\" data-element_type=\"column\">\n\t\t\t<div class=\"elementor-widget-wrap elementor-element-populated\">\n\t\t\t\t\t\t<div class=\"elementor-element elementor-element-f5b5ac3 elementor-widget elementor-widget-video\" data-id=\"f5b5ac3\" data-element_type=\"widget\" data-settings=\"{&quot;youtube_url&quot;:&quot;https:\\\/\\\/youtu.be\\\/l-fdHro4PKc&quot;,&quot;video_type&quot;:&quot;youtube&quot;,&quot;controls&quot;:&quot;yes&quot;}\" data-widget_type=\"video.default\">\n\t\t\t\t<div class=\"elementor-widget-container\">\n\t\t\t\t\t\t\t<div class=\"elementor-wrapper elementor-open-inline\">\n\t\t\t<div class=\"elementor-video\"><\/div>\t\t<\/div>\n\t\t\t\t\t\t<\/div>\n\t\t\t\t<\/div>\n\t\t\t\t\t<\/div>\n\t\t<\/div>\n\t\t\t\t\t<\/div>\n\t\t<\/section>\n\t\t\t\t<section class=\"elementor-section elementor-top-section elementor-element elementor-element-ba1c6a8 elementor-section-content-middle elementor-section-boxed elementor-section-height-default elementor-section-height-default\" data-id=\"ba1c6a8\" data-element_type=\"section\" data-settings=\"{&quot;background_background&quot;:&quot;classic&quot;}\">\n\t\t\t\t\t\t<div class=\"elementor-container elementor-column-gap-default\">\n\t\t\t\t\t<div class=\"elementor-column elementor-col-50 elementor-top-column elementor-element elementor-element-df0e15e\" data-id=\"df0e15e\" data-element_type=\"column\">\n\t\t\t<div class=\"elementor-widget-wrap elementor-element-populated\">\n\t\t\t\t\t\t<div class=\"elementor-element elementor-element-d42b4f3 elementor-widget elementor-widget-heading\" data-id=\"d42b4f3\" data-element_type=\"widget\" data-widget_type=\"heading.default\">\n\t\t\t\t<div class=\"elementor-widget-container\">\n\t\t\t\t\t<h2 class=\"elementor-heading-title elementor-size-default\">V\u00eddeo 2<\/h2>\t\t\t\t<\/div>\n\t\t\t\t<\/div>\n\t\t\t\t<div class=\"elementor-element elementor-element-51f4811 elementor-widget elementor-widget-heading\" data-id=\"51f4811\" data-element_type=\"widget\" data-widget_type=\"heading.default\">\n\t\t\t\t<div class=\"elementor-widget-container\">\n\t\t\t\t\t<h2 class=\"elementor-heading-title elementor-size-default\">Pol\u00edticas p\u00fablicas e barreiras ao desenvolvimento de neg\u00f3cios alimentares regenerativos na Am\u00e9rica Latina<\/h2>\t\t\t\t<\/div>\n\t\t\t\t<\/div>\n\t\t\t\t\t<\/div>\n\t\t<\/div>\n\t\t\t\t<div class=\"elementor-column elementor-col-50 elementor-top-column elementor-element elementor-element-3fbddb7\" data-id=\"3fbddb7\" data-element_type=\"column\">\n\t\t\t<div class=\"elementor-widget-wrap elementor-element-populated\">\n\t\t\t\t\t\t<div class=\"elementor-element elementor-element-6361421 elementor-widget elementor-widget-video\" data-id=\"6361421\" data-element_type=\"widget\" data-settings=\"{&quot;youtube_url&quot;:&quot;https:\\\/\\\/youtu.be\\\/XdUn2k4fhhk&quot;,&quot;video_type&quot;:&quot;youtube&quot;,&quot;controls&quot;:&quot;yes&quot;}\" data-widget_type=\"video.default\">\n\t\t\t\t<div class=\"elementor-widget-container\">\n\t\t\t\t\t\t\t<div class=\"elementor-wrapper elementor-open-inline\">\n\t\t\t<div class=\"elementor-video\"><\/div>\t\t<\/div>\n\t\t\t\t\t\t<\/div>\n\t\t\t\t<\/div>\n\t\t\t\t\t<\/div>\n\t\t<\/div>\n\t\t\t\t\t<\/div>\n\t\t<\/section>\n\t\t\t\t<section class=\"elementor-section elementor-top-section elementor-element elementor-element-863a0ed elementor-section-content-middle elementor-section-boxed elementor-section-height-default elementor-section-height-default\" data-id=\"863a0ed\" data-element_type=\"section\" data-settings=\"{&quot;background_background&quot;:&quot;classic&quot;}\">\n\t\t\t\t\t\t<div class=\"elementor-container elementor-column-gap-default\">\n\t\t\t\t\t<div class=\"elementor-column elementor-col-50 elementor-top-column elementor-element elementor-element-b53d88b\" data-id=\"b53d88b\" data-element_type=\"column\">\n\t\t\t<div class=\"elementor-widget-wrap elementor-element-populated\">\n\t\t\t\t\t\t<div class=\"elementor-element elementor-element-163bc24 elementor-widget elementor-widget-heading\" data-id=\"163bc24\" data-element_type=\"widget\" data-widget_type=\"heading.default\">\n\t\t\t\t<div class=\"elementor-widget-container\">\n\t\t\t\t\t<h2 class=\"elementor-heading-title elementor-size-default\">V\u00eddeo 3<\/h2>\t\t\t\t<\/div>\n\t\t\t\t<\/div>\n\t\t\t\t<div class=\"elementor-element elementor-element-0152d94 elementor-widget elementor-widget-heading\" data-id=\"0152d94\" data-element_type=\"widget\" data-widget_type=\"heading.default\">\n\t\t\t\t<div class=\"elementor-widget-container\">\n\t\t\t\t\t<h2 class=\"elementor-heading-title elementor-size-default\">Invista na regenera\u00e7\u00e3o enquanto regeneramos investimentos na Am\u00e9rica Latina\n<\/h2>\t\t\t\t<\/div>\n\t\t\t\t<\/div>\n\t\t\t\t\t<\/div>\n\t\t<\/div>\n\t\t\t\t<div class=\"elementor-column elementor-col-50 elementor-top-column elementor-element elementor-element-4292faa\" data-id=\"4292faa\" data-element_type=\"column\">\n\t\t\t<div class=\"elementor-widget-wrap elementor-element-populated\">\n\t\t\t\t\t\t<div class=\"elementor-element elementor-element-0e59729 elementor-widget elementor-widget-video\" data-id=\"0e59729\" data-element_type=\"widget\" data-settings=\"{&quot;youtube_url&quot;:&quot;https:\\\/\\\/youtu.be\\\/1dsaD-51Pts&quot;,&quot;video_type&quot;:&quot;youtube&quot;,&quot;controls&quot;:&quot;yes&quot;}\" data-widget_type=\"video.default\">\n\t\t\t\t<div class=\"elementor-widget-container\">\n\t\t\t\t\t\t\t<div class=\"elementor-wrapper elementor-open-inline\">\n\t\t\t<div class=\"elementor-video\"><\/div>\t\t<\/div>\n\t\t\t\t\t\t<\/div>\n\t\t\t\t<\/div>\n\t\t\t\t\t<\/div>\n\t\t<\/div>\n\t\t\t\t\t<\/div>\n\t\t<\/section>\n\t\t\t\t<section class=\"elementor-section elementor-top-section elementor-element elementor-element-249b0db elementor-section-content-middle elementor-section-boxed elementor-section-height-default elementor-section-height-default\" data-id=\"249b0db\" data-element_type=\"section\" data-settings=\"{&quot;background_background&quot;:&quot;classic&quot;}\">\n\t\t\t\t\t\t<div class=\"elementor-container elementor-column-gap-default\">\n\t\t\t\t\t<div class=\"elementor-column elementor-col-50 elementor-top-column elementor-element elementor-element-824abaa\" data-id=\"824abaa\" data-element_type=\"column\">\n\t\t\t<div class=\"elementor-widget-wrap elementor-element-populated\">\n\t\t\t\t\t\t<div class=\"elementor-element elementor-element-87570b8 elementor-widget elementor-widget-heading\" data-id=\"87570b8\" data-element_type=\"widget\" data-widget_type=\"heading.default\">\n\t\t\t\t<div class=\"elementor-widget-container\">\n\t\t\t\t\t<h2 class=\"elementor-heading-title elementor-size-default\">V\u00eddeo 4<\/h2>\t\t\t\t<\/div>\n\t\t\t\t<\/div>\n\t\t\t\t<div class=\"elementor-element elementor-element-5c5d872 elementor-widget elementor-widget-heading\" data-id=\"5c5d872\" data-element_type=\"widget\" data-widget_type=\"heading.default\">\n\t\t\t\t<div class=\"elementor-widget-container\">\n\t\t\t\t\t<h2 class=\"elementor-heading-title elementor-size-default\">\u00bfCu\u00e1l es el rol y la importancia de las certificaciones en los sistemas alimentarios regenerativos de Am\u00e9rica Latina? <\/h2>\t\t\t\t<\/div>\n\t\t\t\t<\/div>\n\t\t\t\t\t<\/div>\n\t\t<\/div>\n\t\t\t\t<div class=\"elementor-column elementor-col-50 elementor-top-column elementor-element elementor-element-a157322\" data-id=\"a157322\" data-element_type=\"column\">\n\t\t\t<div class=\"elementor-widget-wrap elementor-element-populated\">\n\t\t\t\t\t\t<div class=\"elementor-element elementor-element-3ec0fa8 elementor-widget elementor-widget-video\" data-id=\"3ec0fa8\" data-element_type=\"widget\" data-settings=\"{&quot;youtube_url&quot;:&quot;https:\\\/\\\/youtu.be\\\/p7yY0POgM60&quot;,&quot;video_type&quot;:&quot;youtube&quot;,&quot;controls&quot;:&quot;yes&quot;}\" data-widget_type=\"video.default\">\n\t\t\t\t<div class=\"elementor-widget-container\">\n\t\t\t\t\t\t\t<div class=\"elementor-wrapper elementor-open-inline\">\n\t\t\t<div class=\"elementor-video\"><\/div>\t\t<\/div>\n\t\t\t\t\t\t<\/div>\n\t\t\t\t<\/div>\n\t\t\t\t\t<\/div>\n\t\t<\/div>\n\t\t\t\t\t<\/div>\n\t\t<\/section>\n\t\t\t\t<section class=\"elementor-section elementor-top-section elementor-element elementor-element-6ea59ad elementor-section-content-middle elementor-section-boxed elementor-section-height-default elementor-section-height-default\" data-id=\"6ea59ad\" data-element_type=\"section\" data-settings=\"{&quot;background_background&quot;:&quot;classic&quot;}\">\n\t\t\t\t\t\t<div class=\"elementor-container elementor-column-gap-default\">\n\t\t\t\t\t<div class=\"elementor-column elementor-col-50 elementor-top-column elementor-element elementor-element-6f52050\" data-id=\"6f52050\" data-element_type=\"column\">\n\t\t\t<div class=\"elementor-widget-wrap elementor-element-populated\">\n\t\t\t\t\t\t<div class=\"elementor-element elementor-element-764fd88 elementor-widget elementor-widget-heading\" data-id=\"764fd88\" data-element_type=\"widget\" data-widget_type=\"heading.default\">\n\t\t\t\t<div class=\"elementor-widget-container\">\n\t\t\t\t\t<h2 class=\"elementor-heading-title elementor-size-default\">Video 5<\/h2>\t\t\t\t<\/div>\n\t\t\t\t<\/div>\n\t\t\t\t<div class=\"elementor-element elementor-element-69ce06f elementor-widget elementor-widget-heading\" data-id=\"69ce06f\" data-element_type=\"widget\" data-widget_type=\"heading.default\">\n\t\t\t\t<div class=\"elementor-widget-container\">\n\t\t\t\t\t<h2 class=\"elementor-heading-title elementor-size-default\">Mercados de carbono y biodiversidad \u00bfson mecanismos eficaces para la transici\u00f3n de sistemas alimentarios regenerativos?\n<\/h2>\t\t\t\t<\/div>\n\t\t\t\t<\/div>\n\t\t\t\t\t<\/div>\n\t\t<\/div>\n\t\t\t\t<div class=\"elementor-column elementor-col-50 elementor-top-column elementor-element elementor-element-29d5986\" data-id=\"29d5986\" data-element_type=\"column\">\n\t\t\t<div class=\"elementor-widget-wrap elementor-element-populated\">\n\t\t\t\t\t\t<div class=\"elementor-element elementor-element-3c16d62 elementor-widget elementor-widget-video\" data-id=\"3c16d62\" data-element_type=\"widget\" data-settings=\"{&quot;youtube_url&quot;:&quot;https:\\\/\\\/youtu.be\\\/rDBKk9nUUHM&quot;,&quot;video_type&quot;:&quot;youtube&quot;,&quot;controls&quot;:&quot;yes&quot;}\" data-widget_type=\"video.default\">\n\t\t\t\t<div class=\"elementor-widget-container\">\n\t\t\t\t\t\t\t<div class=\"elementor-wrapper elementor-open-inline\">\n\t\t\t<div class=\"elementor-video\"><\/div>\t\t<\/div>\n\t\t\t\t\t\t<\/div>\n\t\t\t\t<\/div>\n\t\t\t\t\t<\/div>\n\t\t<\/div>\n\t\t\t\t\t<\/div>\n\t\t<\/section>\n\t\t\t\t<\/div>","protected":false},"excerpt":{"rendered":"<p>WebiNARs Aceda aos v\u00eddeos dos Webinars promovidos pelo Cons\u00f3rcio NAR, sobre temas de grande relev\u00e2ncia que ajudam a evoluir a nossa vis\u00e3o cr\u00edtica para uma abordagem regenerativa dos sistemas alimentares. Nestes eventos h\u00e1 empresas e atores que trazem diferentes pontos de vista e discuss\u00f5es valiosas. V\u00eddeo 1 A igualdade de [\u2026]<\/p>","protected":false},"author":1,"featured_media":0,"parent":0,"menu_order":0,"comment_status":"closed","ping_status":"closed","template":"elementor_header_footer","meta":{"footnotes":""},"yoast_head":"<!-- This site is optimized with the Yoast SEO plugin v22.7 - https:\/\/yoast.com\/wordpress\/plugins\/seo\/ -->\n<title>WebiNARs - NAR<\/title>\n<meta name=\"robots\" content=\"index, follow, max-snippet:-1, max-image-preview:large, max-video-preview:-1\" \/>\n<link rel=\"canonical\" href=\"https:\/\/regenerativo.org\/pt\/webinars\/\" \/>\n<meta property=\"og:locale\" content=\"pt_BR\" \/>\n<meta property=\"og:type\" content=\"article\" \/>\n<meta property=\"og:title\" content=\"WebiNARs - NAR\" \/>\n<meta property=\"og:description\" content=\"WebiNARs Acceda a los videos de los Webinarios promovidos por el Consorcio NAR, sobre tem\u00e1ticas de gran relevancia que ayudan a evolucionar nuestra visi\u00f3n cr\u00edtica hacia un enfoque regenerador de los sistemas alimentarios. En estos eventos est\u00e1n negocios y actores que traen distintos puntos de vista y una valiosa discusi\u00f3n. Video 1 La igualdad de [&hellip;]\" \/>\n<meta property=\"og:url\" content=\"https:\/\/regenerativo.org\/pt\/webinars\/\" \/>\n<meta property=\"og:site_name\" content=\"NAR\" \/>\n<meta property=\"article:modified_time\" content=\"2025-01-17T21:19:15+00:00\" \/>\n<meta name=\"twitter:card\" content=\"summary_large_image\" \/>\n<meta name=\"twitter:label1\" content=\"Est. tempo de leitura\" \/>\n\t<meta name=\"twitter:data1\" content=\"1 minuto\" \/>\n<script type=\"application\/ld+json\" class=\"yoast-schema-graph\">{\"@context\":\"https:\/\/schema.org\",\"@graph\":[{\"@type\":\"WebPage\",\"@id\":\"https:\/\/regenerativo.org\/webinars\/\",\"url\":\"https:\/\/regenerativo.org\/webinars\/\",\"name\":\"WebiNARs - NAR\",\"isPartOf\":{\"@id\":\"https:\/\/regenerativo.org\/#website\"},\"datePublished\":\"2024-09-02T14:10:47+00:00\",\"dateModified\":\"2025-01-17T21:19:15+00:00\",\"breadcrumb\":{\"@id\":\"https:\/\/regenerativo.org\/webinars\/#breadcrumb\"},\"inLanguage\":\"pt-BR\",\"potentialAction\":[{\"@type\":\"ReadAction\",\"target\":[\"https:\/\/regenerativo.org\/webinars\/\"]}]},{\"@type\":\"BreadcrumbList\",\"@id\":\"https:\/\/regenerativo.org\/webinars\/#breadcrumb\",\"itemListElement\":[{\"@type\":\"ListItem\",\"position\":1,\"name\":\"Home\",\"item\":\"https:\/\/regenerativo.org\/\"},{\"@type\":\"ListItem\",\"position\":2,\"name\":\"WebiNARs\"}]},{\"@type\":\"WebSite\",\"@id\":\"https:\/\/regenerativo.org\/#website\",\"url\":\"https:\/\/regenerativo.org\/\",\"name\":\"NAR - Negocios Alimentarios Regenerativos\",\"description\":\"Hub de Conocimiento de Negocios de Alimentos Regenerativos\",\"publisher\":{\"@id\":\"https:\/\/regenerativo.org\/#organization\"},\"potentialAction\":[{\"@type\":\"SearchAction\",\"target\":{\"@type\":\"EntryPoint\",\"urlTemplate\":\"https:\/\/regenerativo.org\/?s={search_term_string}\"},\"query-input\":\"required name=search_term_string\"}],\"inLanguage\":\"pt-BR\"},{\"@type\":\"Organization\",\"@id\":\"https:\/\/regenerativo.org\/#organization\",\"name\":\"NAR - Negocios Alimentarios Regenerativos\",\"url\":\"https:\/\/regenerativo.org\/\",\"logo\":{\"@type\":\"ImageObject\",\"inLanguage\":\"pt-BR\",\"@id\":\"https:\/\/regenerativo.org\/#\/schema\/logo\/image\/\",\"url\":\"http:\/\/regenerativo.org\/wp-content\/uploads\/2023\/07\/nar.jpg\",\"contentUrl\":\"http:\/\/regenerativo.org\/wp-content\/uploads\/2023\/07\/nar.jpg\",\"width\":1671,\"height\":1070,\"caption\":\"NAR - Negocios Alimentarios Regenerativos\"},\"image\":{\"@id\":\"https:\/\/regenerativo.org\/#\/schema\/logo\/image\/\"}}]}<\/script>\n<!-- \/ Yoast SEO plugin. -->","yoast_head_json":{"title":"WebiNARs - NAR","robots":{"index":"index","follow":"follow","max-snippet":"max-snippet:-1","max-image-preview":"max-image-preview:large","max-video-preview":"max-video-preview:-1"},"canonical":"https:\/\/regenerativo.org\/pt\/webinars\/","og_locale":"pt_BR","og_type":"article","og_title":"WebiNARs - NAR","og_description":"WebiNARs Acceda a los videos de los Webinarios promovidos por el Consorcio NAR, sobre tem\u00e1ticas de gran relevancia que ayudan a evolucionar nuestra visi\u00f3n cr\u00edtica hacia un enfoque regenerador de los sistemas alimentarios. En estos eventos est\u00e1n negocios y actores que traen distintos puntos de vista y una valiosa discusi\u00f3n. Video 1 La igualdad de [&hellip;]","og_url":"https:\/\/regenerativo.org\/pt\/webinars\/","og_site_name":"NAR","article_modified_time":"2025-01-17T21:19:15+00:00","twitter_card":"summary_large_image","twitter_misc":{"Est. tempo de leitura":"1 minuto"},"schema":{"@context":"https:\/\/schema.org","@graph":[{"@type":"WebPage","@id":"https:\/\/regenerativo.org\/webinars\/","url":"https:\/\/regenerativo.org\/webinars\/","name":"WebiNARs - NAR","isPartOf":{"@id":"https:\/\/regenerativo.org\/#website"},"datePublished":"2024-09-02T14:10:47+00:00","dateModified":"2025-01-17T21:19:15+00:00","breadcrumb":{"@id":"https:\/\/regenerativo.org\/webinars\/#breadcrumb"},"inLanguage":"pt-BR","potentialAction":[{"@type":"ReadAction","target":["https:\/\/regenerativo.org\/webinars\/"]}]},{"@type":"BreadcrumbList","@id":"https:\/\/regenerativo.org\/webinars\/#breadcrumb","itemListElement":[{"@type":"ListItem","position":1,"name":"Home","item":"https:\/\/regenerativo.org\/"},{"@type":"ListItem","position":2,"name":"WebiNARs"}]},{"@type":"WebSite","@id":"https:\/\/regenerativo.org\/#website","url":"https:\/\/regenerativo.org\/","name":"NAR - Negocios Alimentarios Regenerativos","description":"Centro de Conhecimento Empresarial de Alimentos Regenerativos","publisher":{"@id":"https:\/\/regenerativo.org\/#organization"},"potentialAction":[{"@type":"SearchAction","target":{"@type":"EntryPoint","urlTemplate":"https:\/\/regenerativo.org\/?s={search_term_string}"},"query-input":"required name=search_term_string"}],"inLanguage":"pt-BR"},{"@type":"Organization","@id":"https:\/\/regenerativo.org\/#organization","name":"NAR - Negocios Alimentarios Regenerativos","url":"https:\/\/regenerativo.org\/","logo":{"@type":"ImageObject","inLanguage":"pt-BR","@id":"https:\/\/regenerativo.org\/#\/schema\/logo\/image\/","url":"http:\/\/regenerativo.org\/wp-content\/uploads\/2023\/07\/nar.jpg","contentUrl":"http:\/\/regenerativo.org\/wp-content\/uploads\/2023\/07\/nar.jpg","width":1671,"height":1070,"caption":"NAR - Negocios Alimentarios Regenerativos"},"image":{"@id":"https:\/\/regenerativo.org\/#\/schema\/logo\/image\/"}}]}},"_links":{"self":[{"href":"https:\/\/regenerativo.org\/pt\/wp-json\/wp\/v2\/pages\/8280"}],"collection":[{"href":"https:\/\/regenerativo.org\/pt\/wp-json\/wp\/v2\/pages"}],"about":[{"href":"https:\/\/regenerativo.org\/pt\/wp-json\/wp\/v2\/types\/page"}],"author":[{"embeddable":true,"href":"https:\/\/regenerativo.org\/pt\/wp-json\/wp\/v2\/users\/1"}],"replies":[{"embeddable":true,"href":"https:\/\/regenerativo.org\/pt\/wp-json\/wp\/v2\/comments?post=8280"}],"version-history":[{"count":16,"href":"https:\/\/regenerativo.org\/pt\/wp-json\/wp\/v2\/pages\/8280\/revisions"}],"predecessor-version":[{"id":8615,"href":"https:\/\/regenerativo.org\/pt\/wp-json\/wp\/v2\/pages\/8280\/revisions\/8615"}],"wp:attachment":[{"href":"https:\/\/regenerativo.org\/pt\/wp-json\/wp\/v2\/media?parent=8280"}],"curies":[{"name":"wp","href":"https:\/\/api.w.org\/{rel}","templated":true}]}}