{"id":8326,"date":"2024-09-10T12:50:09","date_gmt":"2024-09-10T18:50:09","guid":{"rendered":"https:\/\/regenerativo.org\/?page_id=8326"},"modified":"2024-09-10T12:58:00","modified_gmt":"2024-09-10T18:58:00","slug":"infografias","status":"publish","type":"page","link":"https:\/\/regenerativo.org\/pt\/infografias\/","title":{"rendered":"Infogr\u00e1ficos"},"content":{"rendered":"<div data-elementor-type=\"wp-page\" data-elementor-id=\"8326\" class=\"elementor elementor-8326\" data-elementor-post-type=\"page\">\n\t\t\t\t\t\t<section class=\"elementor-section elementor-top-section elementor-element elementor-element-bc3ee82 elementor-section-height-min-height elementor-section-boxed elementor-section-height-default elementor-section-items-middle\" data-id=\"bc3ee82\" data-element_type=\"section\">\n\t\t\t\t\t\t\t<div class=\"elementor-background-overlay\"><\/div>\n\t\t\t\t\t\t\t<div class=\"elementor-container elementor-column-gap-default\">\n\t\t\t\t\t<div class=\"elementor-column elementor-col-100 elementor-top-column elementor-element elementor-element-18ff355\" data-id=\"18ff355\" data-element_type=\"column\">\n\t\t\t<div class=\"elementor-widget-wrap elementor-element-populated\">\n\t\t\t\t\t\t<section class=\"elementor-section elementor-inner-section elementor-element elementor-element-7687654 elementor-section-content-middle animated-slow elementor-section-boxed elementor-section-height-default elementor-section-height-default elementor-invisible\" data-id=\"7687654\" data-element_type=\"section\" data-settings=\"{&quot;background_background&quot;:&quot;classic&quot;,&quot;animation&quot;:&quot;fadeIn&quot;,&quot;animation_delay&quot;:10}\">\n\t\t\t\t\t\t<div class=\"elementor-container elementor-column-gap-default\">\n\t\t\t\t\t<div class=\"elementor-column elementor-col-100 elementor-inner-column elementor-element elementor-element-1bc7f56\" data-id=\"1bc7f56\" data-element_type=\"column\">\n\t\t\t<div class=\"elementor-widget-wrap elementor-element-populated\">\n\t\t\t\t\t\t<div class=\"elementor-element elementor-element-d9e7796 elementor-widget elementor-widget-heading\" data-id=\"d9e7796\" data-element_type=\"widget\" data-widget_type=\"heading.default\">\n\t\t\t\t<div class=\"elementor-widget-container\">\n\t\t\t\t\t<h1 class=\"elementor-heading-title elementor-size-default\">Infogr\u00e1ficos<\/h1>\t\t\t\t<\/div>\n\t\t\t\t<\/div>\n\t\t\t\t<div class=\"elementor-element elementor-element-d540d62 elementor-widget-mobile__width-initial elementor-widget__width-initial elementor-widget elementor-widget-text-editor\" data-id=\"d540d62\" data-element_type=\"widget\" data-widget_type=\"text-editor.default\">\n\t\t\t\t<div class=\"elementor-widget-container\">\n\t\t\t\t\t\t\t\t\t<p>Conhe\u00e7a alguns resultados de estudos realizados no \u00e2mbito do Cons\u00f3rcio NAR<\/p>\t\t\t\t\t\t\t\t<\/div>\n\t\t\t\t<\/div>\n\t\t\t\t\t<\/div>\n\t\t<\/div>\n\t\t\t\t\t<\/div>\n\t\t<\/section>\n\t\t\t\t\t<\/div>\n\t\t<\/div>\n\t\t\t\t\t<\/div>\n\t\t<\/section>\n\t\t\t\t<section class=\"elementor-section elementor-top-section elementor-element elementor-element-b188093 elementor-section-boxed elementor-section-height-default elementor-section-height-default\" data-id=\"b188093\" data-element_type=\"section\" data-settings=\"{&quot;background_background&quot;:&quot;classic&quot;}\">\n\t\t\t\t\t\t<div class=\"elementor-container elementor-column-gap-default\">\n\t\t\t\t\t<div class=\"elementor-column elementor-col-100 elementor-top-column elementor-element elementor-element-d18e5d4\" data-id=\"d18e5d4\" data-element_type=\"column\">\n\t\t\t<div class=\"elementor-widget-wrap elementor-element-populated\">\n\t\t\t\t\t\t<section class=\"elementor-section elementor-inner-section elementor-element elementor-element-b340e2b elementor-section-boxed elementor-section-height-default elementor-section-height-default\" data-id=\"b340e2b\" data-element_type=\"section\">\n\t\t\t\t\t\t<div class=\"elementor-container elementor-column-gap-custom\">\n\t\t\t\t\t<div class=\"elementor-column elementor-col-33 elementor-inner-column elementor-element elementor-element-4456432\" data-id=\"4456432\" data-element_type=\"column\">\n\t\t\t<div class=\"elementor-widget-wrap elementor-element-populated\">\n\t\t\t\t\t\t<div class=\"elementor-element elementor-element-28e749b elementor-widget elementor-widget-image\" data-id=\"28e749b\" data-element_type=\"widget\" data-widget_type=\"image.default\">\n\t\t\t\t<div class=\"elementor-widget-container\">\n\t\t\t\t\t\t\t\t\t\t\t\t\t\t\t\t<a href=\"http:\/\/regenerativo.org\/wp-content\/uploads\/2024\/08\/Info.Negocios.Entrevistados.pdf\" target=\"_blank\">\n\t\t\t\t\t\t\t<img fetchpriority=\"high\" decoding=\"async\" width=\"782\" height=\"540\" src=\"https:\/\/regenerativo.org\/wp-content\/uploads\/2024\/09\/infografia-1.jpg\" class=\"attachment-large size-large wp-image-8318\" alt=\"\" srcset=\"https:\/\/regenerativo.org\/wp-content\/uploads\/2024\/09\/infografia-1.jpg 782w, https:\/\/regenerativo.org\/wp-content\/uploads\/2024\/09\/infografia-1-300x207.jpg 300w, https:\/\/regenerativo.org\/wp-content\/uploads\/2024\/09\/infografia-1-768x530.jpg 768w, https:\/\/regenerativo.org\/wp-content\/uploads\/2024\/09\/infografia-1-18x12.jpg 18w\" sizes=\"(max-width: 782px) 100vw, 782px\" \/>\t\t\t\t\t\t\t\t<\/a>\n\t\t\t\t\t\t\t\t\t\t\t\t\t\t\t<\/div>\n\t\t\t\t<\/div>\n\t\t\t\t<div class=\"elementor-element elementor-element-17bca8f elementor-widget elementor-widget-heading\" data-id=\"17bca8f\" data-element_type=\"widget\" data-widget_type=\"heading.default\">\n\t\t\t\t<div class=\"elementor-widget-container\">\n\t\t\t\t\t<span class=\"elementor-heading-title elementor-size-default\">INFOGR\u00c1FICO 1<\/span>\t\t\t\t<\/div>\n\t\t\t\t<\/div>\n\t\t\t\t<div class=\"elementor-element elementor-element-3b33540 elementor-widget elementor-widget-heading\" data-id=\"3b33540\" data-element_type=\"widget\" data-widget_type=\"heading.default\">\n\t\t\t\t<div class=\"elementor-widget-container\">\n\t\t\t\t\t<h2 class=\"elementor-heading-title elementor-size-default\"><a href=\"http:\/\/regenerativo.org\/wp-content\/uploads\/2024\/08\/Info.Negocios.Entrevistados.pdf\" target=\"_blank\">Quais s\u00e3o as caracter\u00edsticas das empresas que buscam essa abordagem?<\/a><\/h2>\t\t\t\t<\/div>\n\t\t\t\t<\/div>\n\t\t\t\t\t<\/div>\n\t\t<\/div>\n\t\t\t\t<div class=\"elementor-column elementor-col-33 elementor-inner-column elementor-element elementor-element-a41b531\" data-id=\"a41b531\" data-element_type=\"column\">\n\t\t\t<div class=\"elementor-widget-wrap elementor-element-populated\">\n\t\t\t\t\t\t<div class=\"elementor-element elementor-element-c0f258b elementor-widget elementor-widget-image\" data-id=\"c0f258b\" data-element_type=\"widget\" data-widget_type=\"image.default\">\n\t\t\t\t<div class=\"elementor-widget-container\">\n\t\t\t\t\t\t\t\t\t\t\t\t\t\t\t\t<a href=\"https:\/\/regenerativo.org\/wp-content\/uploads\/2024\/08\/Info_Politicas.Publicas.pdf%20\" target=\"_blank\">\n\t\t\t\t\t\t\t<img decoding=\"async\" width=\"782\" height=\"540\" src=\"https:\/\/regenerativo.org\/wp-content\/uploads\/2024\/09\/infografia-2.jpg\" class=\"attachment-large size-large wp-image-8319\" alt=\"\" srcset=\"https:\/\/regenerativo.org\/wp-content\/uploads\/2024\/09\/infografia-2.jpg 782w, https:\/\/regenerativo.org\/wp-content\/uploads\/2024\/09\/infografia-2-300x207.jpg 300w, https:\/\/regenerativo.org\/wp-content\/uploads\/2024\/09\/infografia-2-768x530.jpg 768w, https:\/\/regenerativo.org\/wp-content\/uploads\/2024\/09\/infografia-2-18x12.jpg 18w\" sizes=\"(max-width: 782px) 100vw, 782px\" \/>\t\t\t\t\t\t\t\t<\/a>\n\t\t\t\t\t\t\t\t\t\t\t\t\t\t\t<\/div>\n\t\t\t\t<\/div>\n\t\t\t\t<div class=\"elementor-element elementor-element-8370e1c elementor-widget elementor-widget-heading\" data-id=\"8370e1c\" data-element_type=\"widget\" data-widget_type=\"heading.default\">\n\t\t\t\t<div class=\"elementor-widget-container\">\n\t\t\t\t\t<span class=\"elementor-heading-title elementor-size-default\">INFOGR\u00c1FICO 2<\/span>\t\t\t\t<\/div>\n\t\t\t\t<\/div>\n\t\t\t\t<div class=\"elementor-element elementor-element-2a3668d elementor-widget elementor-widget-heading\" data-id=\"2a3668d\" data-element_type=\"widget\" data-widget_type=\"heading.default\">\n\t\t\t\t<div class=\"elementor-widget-container\">\n\t\t\t\t\t<h2 class=\"elementor-heading-title elementor-size-default\"><a href=\"https:\/\/regenerativo.org\/wp-content\/uploads\/2024\/08\/Info_Politicas.Publicas.pdf%20\" target=\"_blank\">Explorando marcos regulat\u00f3rios que contribuem para a abordagem regenerativa<\/a><\/h2>\t\t\t\t<\/div>\n\t\t\t\t<\/div>\n\t\t\t\t\t<\/div>\n\t\t<\/div>\n\t\t\t\t<div class=\"elementor-column elementor-col-33 elementor-inner-column elementor-element elementor-element-7a3695a\" data-id=\"7a3695a\" data-element_type=\"column\">\n\t\t\t<div class=\"elementor-widget-wrap elementor-element-populated\">\n\t\t\t\t\t\t<div class=\"elementor-element elementor-element-fa86255 elementor-widget elementor-widget-image\" data-id=\"fa86255\" data-element_type=\"widget\" data-widget_type=\"image.default\">\n\t\t\t\t<div class=\"elementor-widget-container\">\n\t\t\t\t\t\t\t\t\t\t\t\t\t\t\t\t<a href=\"http:\/\/regenerativo.org\/wp-content\/uploads\/2024\/09\/INFO3_unificado.pdf\" target=\"_blank\">\n\t\t\t\t\t\t\t<img decoding=\"async\" width=\"782\" height=\"540\" src=\"https:\/\/regenerativo.org\/wp-content\/uploads\/2024\/09\/infografia-3.jpg\" class=\"attachment-large size-large wp-image-8320\" alt=\"\" srcset=\"https:\/\/regenerativo.org\/wp-content\/uploads\/2024\/09\/infografia-3.jpg 782w, https:\/\/regenerativo.org\/wp-content\/uploads\/2024\/09\/infografia-3-300x207.jpg 300w, https:\/\/regenerativo.org\/wp-content\/uploads\/2024\/09\/infografia-3-768x530.jpg 768w, https:\/\/regenerativo.org\/wp-content\/uploads\/2024\/09\/infografia-3-18x12.jpg 18w\" sizes=\"(max-width: 782px) 100vw, 782px\" \/>\t\t\t\t\t\t\t\t<\/a>\n\t\t\t\t\t\t\t\t\t\t\t\t\t\t\t<\/div>\n\t\t\t\t<\/div>\n\t\t\t\t<div class=\"elementor-element elementor-element-2f71295 elementor-widget elementor-widget-heading\" data-id=\"2f71295\" data-element_type=\"widget\" data-widget_type=\"heading.default\">\n\t\t\t\t<div class=\"elementor-widget-container\">\n\t\t\t\t\t<span class=\"elementor-heading-title elementor-size-default\">INFOGR\u00c1FICO 3<\/span>\t\t\t\t<\/div>\n\t\t\t\t<\/div>\n\t\t\t\t<div class=\"elementor-element elementor-element-9b39149 elementor-widget elementor-widget-heading\" data-id=\"9b39149\" data-element_type=\"widget\" data-widget_type=\"heading.default\">\n\t\t\t\t<div class=\"elementor-widget-container\">\n\t\t\t\t\t<h2 class=\"elementor-heading-title elementor-size-default\"><a href=\"http:\/\/regenerativo.org\/wp-content\/uploads\/2024\/09\/INFO3_unificado.pdf\" target=\"_blank\">Como s\u00e3o os neg\u00f3cios visitados pelo Cons\u00f3rcio NAR? <\/a><\/h2>\t\t\t\t<\/div>\n\t\t\t\t<\/div>\n\t\t\t\t\t<\/div>\n\t\t<\/div>\n\t\t\t\t\t<\/div>\n\t\t<\/section>\n\t\t\t\t<section class=\"elementor-section elementor-inner-section elementor-element elementor-element-d75bdec elementor-section-boxed elementor-section-height-default elementor-section-height-default\" data-id=\"d75bdec\" data-element_type=\"section\">\n\t\t\t\t\t\t<div class=\"elementor-container elementor-column-gap-custom\">\n\t\t\t\t\t<div class=\"elementor-column elementor-col-50 elementor-inner-column elementor-element elementor-element-dc38cb2\" data-id=\"dc38cb2\" data-element_type=\"column\">\n\t\t\t<div class=\"elementor-widget-wrap elementor-element-populated\">\n\t\t\t\t\t\t<div class=\"elementor-element elementor-element-b7704f7 elementor-widget elementor-widget-image\" data-id=\"b7704f7\" data-element_type=\"widget\" data-widget_type=\"image.default\">\n\t\t\t\t<div class=\"elementor-widget-container\">\n\t\t\t\t\t\t\t\t\t\t\t\t\t\t\t\t<a href=\"http:\/\/regenerativo.org\/wp-content\/uploads\/2024\/08\/Info_CasoNesst.ASPROC.pdf\" target=\"_blank\">\n\t\t\t\t\t\t\t<img loading=\"lazy\" decoding=\"async\" width=\"782\" height=\"540\" src=\"https:\/\/regenerativo.org\/wp-content\/uploads\/2024\/09\/infografia-4.jpg\" class=\"attachment-large size-large wp-image-8321\" alt=\"\" srcset=\"https:\/\/regenerativo.org\/wp-content\/uploads\/2024\/09\/infografia-4.jpg 782w, https:\/\/regenerativo.org\/wp-content\/uploads\/2024\/09\/infografia-4-300x207.jpg 300w, https:\/\/regenerativo.org\/wp-content\/uploads\/2024\/09\/infografia-4-768x530.jpg 768w, https:\/\/regenerativo.org\/wp-content\/uploads\/2024\/09\/infografia-4-18x12.jpg 18w\" sizes=\"(max-width: 782px) 100vw, 782px\" \/>\t\t\t\t\t\t\t\t<\/a>\n\t\t\t\t\t\t\t\t\t\t\t\t\t\t\t<\/div>\n\t\t\t\t<\/div>\n\t\t\t\t<div class=\"elementor-element elementor-element-654ef41 elementor-widget elementor-widget-heading\" data-id=\"654ef41\" data-element_type=\"widget\" data-widget_type=\"heading.default\">\n\t\t\t\t<div class=\"elementor-widget-container\">\n\t\t\t\t\t<span class=\"elementor-heading-title elementor-size-default\">INFOGR\u00c1FICO 4<\/span>\t\t\t\t<\/div>\n\t\t\t\t<\/div>\n\t\t\t\t<div class=\"elementor-element elementor-element-8a75ceb elementor-widget elementor-widget-heading\" data-id=\"8a75ceb\" data-element_type=\"widget\" data-widget_type=\"heading.default\">\n\t\t\t\t<div class=\"elementor-widget-container\">\n\t\t\t\t\t<h2 class=\"elementor-heading-title elementor-size-default\"><a href=\"http:\/\/regenerativo.org\/wp-content\/uploads\/2024\/08\/Info_CasoNesst.ASPROC.pdf\" target=\"_blank\">Uma experi\u00eancia regenerativa no cora\u00e7\u00e3o da Amaz\u00f4nia brasileira<\/a><\/h2>\t\t\t\t<\/div>\n\t\t\t\t<\/div>\n\t\t\t\t\t<\/div>\n\t\t<\/div>\n\t\t\t\t<div class=\"elementor-column elementor-col-50 elementor-inner-column elementor-element elementor-element-7605a93\" data-id=\"7605a93\" data-element_type=\"column\">\n\t\t\t<div class=\"elementor-widget-wrap elementor-element-populated\">\n\t\t\t\t\t\t<div class=\"elementor-element elementor-element-2980fda elementor-widget elementor-widget-image\" data-id=\"2980fda\" data-element_type=\"widget\" data-widget_type=\"image.default\">\n\t\t\t\t<div class=\"elementor-widget-container\">\n\t\t\t\t\t\t\t\t\t\t\t\t\t\t\t\t<a href=\"http:\/\/regenerativo.org\/wp-content\/uploads\/2024\/08\/Info_Genero.pdf%20\" target=\"_blank\">\n\t\t\t\t\t\t\t<img loading=\"lazy\" decoding=\"async\" width=\"782\" height=\"540\" src=\"https:\/\/regenerativo.org\/wp-content\/uploads\/2024\/09\/infografia-5.jpg\" class=\"attachment-large size-large wp-image-8322\" alt=\"\" srcset=\"https:\/\/regenerativo.org\/wp-content\/uploads\/2024\/09\/infografia-5.jpg 782w, https:\/\/regenerativo.org\/wp-content\/uploads\/2024\/09\/infografia-5-300x207.jpg 300w, https:\/\/regenerativo.org\/wp-content\/uploads\/2024\/09\/infografia-5-768x530.jpg 768w, https:\/\/regenerativo.org\/wp-content\/uploads\/2024\/09\/infografia-5-18x12.jpg 18w\" sizes=\"(max-width: 782px) 100vw, 782px\" \/>\t\t\t\t\t\t\t\t<\/a>\n\t\t\t\t\t\t\t\t\t\t\t\t\t\t\t<\/div>\n\t\t\t\t<\/div>\n\t\t\t\t<div class=\"elementor-element elementor-element-1304f09 elementor-widget elementor-widget-heading\" data-id=\"1304f09\" data-element_type=\"widget\" data-widget_type=\"heading.default\">\n\t\t\t\t<div class=\"elementor-widget-container\">\n\t\t\t\t\t<span class=\"elementor-heading-title elementor-size-default\">INFOGR\u00c1FICO 5<\/span>\t\t\t\t<\/div>\n\t\t\t\t<\/div>\n\t\t\t\t<div class=\"elementor-element elementor-element-6e187ca elementor-widget elementor-widget-heading\" data-id=\"6e187ca\" data-element_type=\"widget\" data-widget_type=\"heading.default\">\n\t\t\t\t<div class=\"elementor-widget-container\">\n\t\t\t\t\t<h2 class=\"elementor-heading-title elementor-size-default\"><a href=\"http:\/\/regenerativo.org\/wp-content\/uploads\/2024\/08\/Info_Genero.pdf%20\" target=\"_blank\">Li\u00e7\u00f5es e recomenda\u00e7\u00f5es para a abordagem de g\u00e9nero em projectos de desenvolvimento<\/a><\/h2>\t\t\t\t<\/div>\n\t\t\t\t<\/div>\n\t\t\t\t\t<\/div>\n\t\t<\/div>\n\t\t\t\t\t<\/div>\n\t\t<\/section>\n\t\t\t\t\t<\/div>\n\t\t<\/div>\n\t\t\t\t\t<\/div>\n\t\t<\/section>\n\t\t\t\t<\/div>","protected":false},"excerpt":{"rendered":"<p>Infografia Conhe\u00e7a alguns resultados de estudos realizados no \u00e2mbito do Cons\u00f3rcio NAR INFOGR\u00c1FICO 1 Quais as caracter\u00edsticas dos neg\u00f3cios que procuram esta abordagem? INFOGR\u00c1FICO 2 Explorando marcos regulat\u00f3rios que contribuem para a abordagem regenerativa INFOGR\u00c1FICO 3 Como s\u00e3o as empresas visitadas pelo Cons\u00f3rcio NAR? INFOGR\u00c1FICO 4 Uma experi\u00eancia regenerativa no cora\u00e7\u00e3o do [\u2026]<\/p>","protected":false},"author":1,"featured_media":0,"parent":0,"menu_order":0,"comment_status":"closed","ping_status":"closed","template":"elementor_header_footer","meta":{"footnotes":""},"yoast_head":"<!-- This site is optimized with the Yoast SEO plugin v22.7 - https:\/\/yoast.com\/wordpress\/plugins\/seo\/ -->\n<title>Infografias - NAR<\/title>\n<meta name=\"robots\" content=\"index, follow, max-snippet:-1, max-image-preview:large, max-video-preview:-1\" \/>\n<link rel=\"canonical\" href=\"https:\/\/regenerativo.org\/pt\/infografias\/\" \/>\n<meta property=\"og:locale\" content=\"pt_BR\" \/>\n<meta property=\"og:type\" content=\"article\" \/>\n<meta property=\"og:title\" content=\"Infografias - NAR\" \/>\n<meta property=\"og:description\" content=\"Infografias Conozca algunos resultados de estudios realizados en el marco del Consorcio NAR INFOGRAFIA 1 \u00bfQu\u00e9 caracter\u00edsticas tienen los negocios que buscan este enfoque? INFOGRAFIA 2 Explorando marcos normativos que aportan al enfoque regenerativo INFOGRAFIA 3 \u00bfC\u00f3mo son los negocios visitados por el Consorcio NAR? INFOGRAFIA 4 Una experiencia regeneradora en el coraz\u00f3n de la [&hellip;]\" \/>\n<meta property=\"og:url\" content=\"https:\/\/regenerativo.org\/pt\/infografias\/\" \/>\n<meta property=\"og:site_name\" content=\"NAR\" \/>\n<meta property=\"article:modified_time\" content=\"2024-09-10T18:58:00+00:00\" \/>\n<meta property=\"og:image\" content=\"http:\/\/regenerativo.org\/wp-content\/uploads\/2024\/09\/infografia-1.jpg\" \/>\n<meta name=\"twitter:card\" content=\"summary_large_image\" \/>\n<meta name=\"twitter:label1\" content=\"Est. tempo de leitura\" \/>\n\t<meta name=\"twitter:data1\" content=\"2 minutos\" \/>\n<script type=\"application\/ld+json\" class=\"yoast-schema-graph\">{\"@context\":\"https:\/\/schema.org\",\"@graph\":[{\"@type\":\"WebPage\",\"@id\":\"https:\/\/regenerativo.org\/infografias\/\",\"url\":\"https:\/\/regenerativo.org\/infografias\/\",\"name\":\"Infografias - NAR\",\"isPartOf\":{\"@id\":\"https:\/\/regenerativo.org\/#website\"},\"primaryImageOfPage\":{\"@id\":\"https:\/\/regenerativo.org\/infografias\/#primaryimage\"},\"image\":{\"@id\":\"https:\/\/regenerativo.org\/infografias\/#primaryimage\"},\"thumbnailUrl\":\"http:\/\/regenerativo.org\/wp-content\/uploads\/2024\/09\/infografia-1.jpg\",\"datePublished\":\"2024-09-10T18:50:09+00:00\",\"dateModified\":\"2024-09-10T18:58:00+00:00\",\"breadcrumb\":{\"@id\":\"https:\/\/regenerativo.org\/infografias\/#breadcrumb\"},\"inLanguage\":\"pt-BR\",\"potentialAction\":[{\"@type\":\"ReadAction\",\"target\":[\"https:\/\/regenerativo.org\/infografias\/\"]}]},{\"@type\":\"ImageObject\",\"inLanguage\":\"pt-BR\",\"@id\":\"https:\/\/regenerativo.org\/infografias\/#primaryimage\",\"url\":\"http:\/\/regenerativo.org\/wp-content\/uploads\/2024\/09\/infografia-1.jpg\",\"contentUrl\":\"http:\/\/regenerativo.org\/wp-content\/uploads\/2024\/09\/infografia-1.jpg\"},{\"@type\":\"BreadcrumbList\",\"@id\":\"https:\/\/regenerativo.org\/infografias\/#breadcrumb\",\"itemListElement\":[{\"@type\":\"ListItem\",\"position\":1,\"name\":\"Home\",\"item\":\"https:\/\/regenerativo.org\/\"},{\"@type\":\"ListItem\",\"position\":2,\"name\":\"Infografias\"}]},{\"@type\":\"WebSite\",\"@id\":\"https:\/\/regenerativo.org\/#website\",\"url\":\"https:\/\/regenerativo.org\/\",\"name\":\"NAR - Negocios Alimentarios Regenerativos\",\"description\":\"Hub de Conocimiento de Negocios de Alimentos Regenerativos\",\"publisher\":{\"@id\":\"https:\/\/regenerativo.org\/#organization\"},\"potentialAction\":[{\"@type\":\"SearchAction\",\"target\":{\"@type\":\"EntryPoint\",\"urlTemplate\":\"https:\/\/regenerativo.org\/?s={search_term_string}\"},\"query-input\":\"required name=search_term_string\"}],\"inLanguage\":\"pt-BR\"},{\"@type\":\"Organization\",\"@id\":\"https:\/\/regenerativo.org\/#organization\",\"name\":\"NAR - Negocios Alimentarios Regenerativos\",\"url\":\"https:\/\/regenerativo.org\/\",\"logo\":{\"@type\":\"ImageObject\",\"inLanguage\":\"pt-BR\",\"@id\":\"https:\/\/regenerativo.org\/#\/schema\/logo\/image\/\",\"url\":\"http:\/\/regenerativo.org\/wp-content\/uploads\/2023\/07\/nar.jpg\",\"contentUrl\":\"http:\/\/regenerativo.org\/wp-content\/uploads\/2023\/07\/nar.jpg\",\"width\":1671,\"height\":1070,\"caption\":\"NAR - Negocios Alimentarios Regenerativos\"},\"image\":{\"@id\":\"https:\/\/regenerativo.org\/#\/schema\/logo\/image\/\"}}]}<\/script>\n<!-- \/ Yoast SEO plugin. -->","yoast_head_json":{"title":"Infografias - NAR","robots":{"index":"index","follow":"follow","max-snippet":"max-snippet:-1","max-image-preview":"max-image-preview:large","max-video-preview":"max-video-preview:-1"},"canonical":"https:\/\/regenerativo.org\/pt\/infografias\/","og_locale":"pt_BR","og_type":"article","og_title":"Infografias - NAR","og_description":"Infografias Conozca algunos resultados de estudios realizados en el marco del Consorcio NAR INFOGRAFIA 1 \u00bfQu\u00e9 caracter\u00edsticas tienen los negocios que buscan este enfoque? INFOGRAFIA 2 Explorando marcos normativos que aportan al enfoque regenerativo INFOGRAFIA 3 \u00bfC\u00f3mo son los negocios visitados por el Consorcio NAR? INFOGRAFIA 4 Una experiencia regeneradora en el coraz\u00f3n de la [&hellip;]","og_url":"https:\/\/regenerativo.org\/pt\/infografias\/","og_site_name":"NAR","article_modified_time":"2024-09-10T18:58:00+00:00","og_image":[{"url":"http:\/\/regenerativo.org\/wp-content\/uploads\/2024\/09\/infografia-1.jpg"}],"twitter_card":"summary_large_image","twitter_misc":{"Est. tempo de leitura":"2 minutos"},"schema":{"@context":"https:\/\/schema.org","@graph":[{"@type":"WebPage","@id":"https:\/\/regenerativo.org\/infografias\/","url":"https:\/\/regenerativo.org\/infografias\/","name":"Infografias - NAR","isPartOf":{"@id":"https:\/\/regenerativo.org\/#website"},"primaryImageOfPage":{"@id":"https:\/\/regenerativo.org\/infografias\/#primaryimage"},"image":{"@id":"https:\/\/regenerativo.org\/infografias\/#primaryimage"},"thumbnailUrl":"http:\/\/regenerativo.org\/wp-content\/uploads\/2024\/09\/infografia-1.jpg","datePublished":"2024-09-10T18:50:09+00:00","dateModified":"2024-09-10T18:58:00+00:00","breadcrumb":{"@id":"https:\/\/regenerativo.org\/infografias\/#breadcrumb"},"inLanguage":"pt-BR","potentialAction":[{"@type":"ReadAction","target":["https:\/\/regenerativo.org\/infografias\/"]}]},{"@type":"ImageObject","inLanguage":"pt-BR","@id":"https:\/\/regenerativo.org\/infografias\/#primaryimage","url":"http:\/\/regenerativo.org\/wp-content\/uploads\/2024\/09\/infografia-1.jpg","contentUrl":"http:\/\/regenerativo.org\/wp-content\/uploads\/2024\/09\/infografia-1.jpg"},{"@type":"BreadcrumbList","@id":"https:\/\/regenerativo.org\/infografias\/#breadcrumb","itemListElement":[{"@type":"ListItem","position":1,"name":"Home","item":"https:\/\/regenerativo.org\/"},{"@type":"ListItem","position":2,"name":"Infografias"}]},{"@type":"WebSite","@id":"https:\/\/regenerativo.org\/#website","url":"https:\/\/regenerativo.org\/","name":"NAR - Negocios Alimentarios Regenerativos","description":"Centro de Conhecimento Empresarial de Alimentos Regenerativos","publisher":{"@id":"https:\/\/regenerativo.org\/#organization"},"potentialAction":[{"@type":"SearchAction","target":{"@type":"EntryPoint","urlTemplate":"https:\/\/regenerativo.org\/?s={search_term_string}"},"query-input":"required name=search_term_string"}],"inLanguage":"pt-BR"},{"@type":"Organization","@id":"https:\/\/regenerativo.org\/#organization","name":"NAR - Negocios Alimentarios Regenerativos","url":"https:\/\/regenerativo.org\/","logo":{"@type":"ImageObject","inLanguage":"pt-BR","@id":"https:\/\/regenerativo.org\/#\/schema\/logo\/image\/","url":"http:\/\/regenerativo.org\/wp-content\/uploads\/2023\/07\/nar.jpg","contentUrl":"http:\/\/regenerativo.org\/wp-content\/uploads\/2023\/07\/nar.jpg","width":1671,"height":1070,"caption":"NAR - Negocios Alimentarios Regenerativos"},"image":{"@id":"https:\/\/regenerativo.org\/#\/schema\/logo\/image\/"}}]}},"_links":{"self":[{"href":"https:\/\/regenerativo.org\/pt\/wp-json\/wp\/v2\/pages\/8326"}],"collection":[{"href":"https:\/\/regenerativo.org\/pt\/wp-json\/wp\/v2\/pages"}],"about":[{"href":"https:\/\/regenerativo.org\/pt\/wp-json\/wp\/v2\/types\/page"}],"author":[{"embeddable":true,"href":"https:\/\/regenerativo.org\/pt\/wp-json\/wp\/v2\/users\/1"}],"replies":[{"embeddable":true,"href":"https:\/\/regenerativo.org\/pt\/wp-json\/wp\/v2\/comments?post=8326"}],"version-history":[{"count":7,"href":"https:\/\/regenerativo.org\/pt\/wp-json\/wp\/v2\/pages\/8326\/revisions"}],"predecessor-version":[{"id":8338,"href":"https:\/\/regenerativo.org\/pt\/wp-json\/wp\/v2\/pages\/8326\/revisions\/8338"}],"wp:attachment":[{"href":"https:\/\/regenerativo.org\/pt\/wp-json\/wp\/v2\/media?parent=8326"}],"curies":[{"name":"wp","href":"https:\/\/api.w.org\/{rel}","templated":true}]}}